{"id":10099,"date":"2021-03-12T13:30:25","date_gmt":"2021-03-12T12:30:25","guid":{"rendered":"https:\/\/astrakhan.fr\/digitalleadership\/?page_id=10099"},"modified":"2021-04-12T17:17:09","modified_gmt":"2021-04-12T15:17:09","slug":"sfr-2","status":"publish","type":"page","link":"https:\/\/astrakhan.fr\/digitalleadership\/a-propos\/retours-dexperience\/sfr-2\/","title":{"rendered":"SFR"},"content":{"rendered":"\t\t<div data-elementor-type=\"wp-page\" data-elementor-id=\"10099\" class=\"elementor elementor-10099\">\n\t\t\t\t\t\t<div class=\"elementor-inner\">\n\t\t\t\t<div class=\"elementor-section-wrap\">\n\t\t\t\t\t\t\t\t\t<section class=\"elementor-section elementor-top-section elementor-element elementor-element-7fc614c0 elementor-section-boxed elementor-section-height-default elementor-section-height-default\" data-id=\"7fc614c0\" data-element_type=\"section\">\n\t\t\t\t\t\t<div class=\"elementor-container elementor-column-gap-default\">\n\t\t\t\t\t\t\t<div class=\"elementor-row\">\n\t\t\t\t\t<div class=\"elementor-column elementor-col-100 elementor-top-column elementor-element elementor-element-5789a2d3\" data-id=\"5789a2d3\" data-element_type=\"column\">\n\t\t\t<div class=\"elementor-column-wrap elementor-element-populated\">\n\t\t\t\t\t\t\t<div class=\"elementor-widget-wrap\">\n\t\t\t\t\t\t<div class=\"elementor-element elementor-element-61f36a3c elementor-widget elementor-widget-heading\" data-id=\"61f36a3c\" data-element_type=\"widget\" data-widget_type=\"heading.default\">\n\t\t\t\t<div class=\"elementor-widget-container\">\n\t\t\t<h1 class=\"elementor-heading-title elementor-size-default\">Coaching et Transformation Agile<\/h1>\t\t<\/div>\n\t\t\t\t<\/div>\n\t\t\t\t\t\t<\/div>\n\t\t\t\t\t<\/div>\n\t\t<\/div>\n\t\t\t\t\t\t\t\t<\/div>\n\t\t\t\t\t<\/div>\n\t\t<\/section>\n\t\t\t\t<section class=\"elementor-section elementor-top-section elementor-element elementor-element-fc836ed elementor-section-boxed elementor-section-height-default elementor-section-height-default\" data-id=\"fc836ed\" data-element_type=\"section\">\n\t\t\t\t\t\t<div class=\"elementor-container elementor-column-gap-default\">\n\t\t\t\t\t\t\t<div class=\"elementor-row\">\n\t\t\t\t\t<div class=\"elementor-column elementor-col-100 elementor-top-column elementor-element elementor-element-ab4fbe2\" data-id=\"ab4fbe2\" data-element_type=\"column\">\n\t\t\t<div class=\"elementor-column-wrap elementor-element-populated\">\n\t\t\t\t\t\t\t<div class=\"elementor-widget-wrap\">\n\t\t\t\t\t\t<div class=\"elementor-element elementor-element-1f98609 elementor-widget elementor-widget-spacer\" data-id=\"1f98609\" data-element_type=\"widget\" data-widget_type=\"spacer.default\">\n\t\t\t\t<div class=\"elementor-widget-container\">\n\t\t\t\t\t<div class=\"elementor-spacer\">\n\t\t\t<div class=\"elementor-spacer-inner\"><\/div>\n\t\t<\/div>\n\t\t\t\t<\/div>\n\t\t\t\t<\/div>\n\t\t\t\t\t\t<\/div>\n\t\t\t\t\t<\/div>\n\t\t<\/div>\n\t\t\t\t\t\t\t\t<\/div>\n\t\t\t\t\t<\/div>\n\t\t<\/section>\n\t\t\t\t<section class=\"elementor-section elementor-top-section elementor-element elementor-element-c491e30 elementor-section-boxed elementor-section-height-default elementor-section-height-default\" data-id=\"c491e30\" data-element_type=\"section\">\n\t\t\t\t\t\t<div class=\"elementor-container elementor-column-gap-default\">\n\t\t\t\t\t\t\t<div class=\"elementor-row\">\n\t\t\t\t\t<div class=\"elementor-column elementor-col-33 elementor-top-column elementor-element elementor-element-7f36a156\" data-id=\"7f36a156\" data-element_type=\"column\">\n\t\t\t<div class=\"elementor-column-wrap elementor-element-populated\">\n\t\t\t\t\t\t\t<div class=\"elementor-widget-wrap\">\n\t\t\t\t\t\t<div class=\"elementor-element elementor-element-7a8b0e8e elementor-widget elementor-widget-image\" data-id=\"7a8b0e8e\" data-element_type=\"widget\" data-widget_type=\"image.default\">\n\t\t\t\t<div class=\"elementor-widget-container\">\n\t\t\t\t\t\t\t\t<div class=\"elementor-image\">\n\t\t\t\t\t\t\t\t\t\t\t\t<img decoding=\"async\" width=\"640\" height=\"448\" src=\"https:\/\/astrakhan.fr\/digitalleadership\/wp-content\/uploads\/sites\/6\/2021\/03\/SFR.png\" class=\"attachment-large size-large wp-image-10095\" alt=\"\" loading=\"lazy\" srcset=\"https:\/\/astrakhan.fr\/digitalleadership\/wp-content\/uploads\/sites\/6\/2021\/03\/SFR.png 1000w, https:\/\/astrakhan.fr\/digitalleadership\/wp-content\/uploads\/sites\/6\/2021\/03\/SFR-300x210.png 300w, https:\/\/astrakhan.fr\/digitalleadership\/wp-content\/uploads\/sites\/6\/2021\/03\/SFR-768x538.png 768w\" sizes=\"(max-width: 640px) 100vw, 640px\" \/>\t\t\t\t\t\t\t\t\t\t\t\t\t\t<\/div>\n\t\t\t\t\t\t<\/div>\n\t\t\t\t<\/div>\n\t\t\t\t\t\t<\/div>\n\t\t\t\t\t<\/div>\n\t\t<\/div>\n\t\t\t\t<div class=\"elementor-column elementor-col-66 elementor-top-column elementor-element elementor-element-5e84423c\" data-id=\"5e84423c\" data-element_type=\"column\">\n\t\t\t<div class=\"elementor-column-wrap elementor-element-populated\">\n\t\t\t\t\t\t\t<div class=\"elementor-widget-wrap\">\n\t\t\t\t\t\t<div class=\"elementor-element elementor-element-12e26b58 elementor-widget elementor-widget-text-editor\" data-id=\"12e26b58\" data-element_type=\"widget\" data-widget_type=\"text-editor.default\">\n\t\t\t\t<div class=\"elementor-widget-container\">\n\t\t\t\t\t\t\t\t<div class=\"elementor-text-editor elementor-clearfix\">\n\t\t\t\t<p data-ccp-props=\"{\"><span data-scheme-color=\"@292B30,,\" data-usefontface=\"true\" data-contrast=\"none\">Astrakhan accompagne SFR dans le&nbsp;<\/span><span data-scheme-color=\"@292B30,,\" data-usefontface=\"true\" data-contrast=\"none\">renforcement des comp\u00e9tences de&nbsp;<\/span><span data-scheme-color=\"@292B30,,\" data-usefontface=\"true\" data-contrast=\"none\">ses \u00e9quipes avec des formations&nbsp;<\/span><span data-scheme-color=\"@292B30,,\" data-usefontface=\"true\" data-contrast=\"none\">d&#8217;Agilit\u00e9 de niveau 1 et 2 et de&nbsp;<\/span><span data-scheme-color=\"@292B30,,\" data-usefontface=\"true\" data-contrast=\"none\">Gestion d&#8217;une \u00e9quipe agile.<\/span>&nbsp;<\/p><p data-ccp-props=\"{\"><span data-scheme-color=\"@292B30,,\" data-usefontface=\"true\" data-contrast=\"none\">Aujourd&#8217;hui, l&#8217;organisation constate&nbsp;<\/span><span data-scheme-color=\"@292B30,,\" data-usefontface=\"true\" data-contrast=\"none\">que la mise en \u0153uvre de l&#8217;agilit\u00e9&nbsp;<\/span><span data-scheme-color=\"@292B30,,\" data-usefontface=\"true\" data-contrast=\"none\">n\u00e9cessite un changement de posture&nbsp;<\/span><span data-scheme-color=\"@292B30,,\" data-usefontface=\"true\" data-contrast=\"none\">au niveau du management. SFR&nbsp;<\/span><span data-scheme-color=\"@292B30,,\" data-usefontface=\"true\" data-contrast=\"none\">souhaite sensibliser ses managers et&nbsp;<\/span><span data-scheme-color=\"@292B30,,\" data-usefontface=\"true\" data-contrast=\"none\">ses \u00e9quipes \u00e0 ces changements.<\/span><\/p>\t\t\t\t\t<\/div>\n\t\t\t\t\t\t<\/div>\n\t\t\t\t<\/div>\n\t\t\t\t\t\t<\/div>\n\t\t\t\t\t<\/div>\n\t\t<\/div>\n\t\t\t\t\t\t\t\t<\/div>\n\t\t\t\t\t<\/div>\n\t\t<\/section>\n\t\t\t\t<section class=\"elementor-section elementor-top-section elementor-element elementor-element-5a2f5093 elementor-section-boxed elementor-section-height-default elementor-section-height-default\" data-id=\"5a2f5093\" data-element_type=\"section\">\n\t\t\t\t\t\t<div class=\"elementor-container elementor-column-gap-default\">\n\t\t\t\t\t\t\t<div class=\"elementor-row\">\n\t\t\t\t\t<div class=\"elementor-column elementor-col-100 elementor-top-column elementor-element elementor-element-8485f77\" data-id=\"8485f77\" data-element_type=\"column\">\n\t\t\t<div class=\"elementor-column-wrap elementor-element-populated\">\n\t\t\t\t\t\t\t<div class=\"elementor-widget-wrap\">\n\t\t\t\t\t\t<div class=\"elementor-element elementor-element-782f5458 elementor-widget elementor-widget-spacer\" data-id=\"782f5458\" data-element_type=\"widget\" data-widget_type=\"spacer.default\">\n\t\t\t\t<div class=\"elementor-widget-container\">\n\t\t\t\t\t<div class=\"elementor-spacer\">\n\t\t\t<div class=\"elementor-spacer-inner\"><\/div>\n\t\t<\/div>\n\t\t\t\t<\/div>\n\t\t\t\t<\/div>\n\t\t\t\t\t\t<\/div>\n\t\t\t\t\t<\/div>\n\t\t<\/div>\n\t\t\t\t\t\t\t\t<\/div>\n\t\t\t\t\t<\/div>\n\t\t<\/section>\n\t\t\t\t<section class=\"elementor-section elementor-top-section elementor-element elementor-element-c960fdc elementor-section-boxed elementor-section-height-default elementor-section-height-default\" data-id=\"c960fdc\" data-element_type=\"section\">\n\t\t\t\t\t\t<div class=\"elementor-container elementor-column-gap-default\">\n\t\t\t\t\t\t\t<div class=\"elementor-row\">\n\t\t\t\t\t<div class=\"elementor-column elementor-col-100 elementor-top-column elementor-element elementor-element-a5b247f\" data-id=\"a5b247f\" data-element_type=\"column\">\n\t\t\t<div class=\"elementor-column-wrap elementor-element-populated\">\n\t\t\t\t\t\t\t<div class=\"elementor-widget-wrap\">\n\t\t\t\t\t\t<div class=\"elementor-element elementor-element-24dc0e9 elementor-widget elementor-widget-heading\" data-id=\"24dc0e9\" data-element_type=\"widget\" data-widget_type=\"heading.default\">\n\t\t\t\t<div class=\"elementor-widget-container\">\n\t\t\t<h2 class=\"elementor-heading-title elementor-size-default\">Nos R\u00e9alisations<\/h2>\t\t<\/div>\n\t\t\t\t<\/div>\n\t\t\t\t\t\t<\/div>\n\t\t\t\t\t<\/div>\n\t\t<\/div>\n\t\t\t\t\t\t\t\t<\/div>\n\t\t\t\t\t<\/div>\n\t\t<\/section>\n\t\t\t\t<section class=\"elementor-section elementor-top-section elementor-element elementor-element-1d58538c elementor-section-boxed elementor-section-height-default elementor-section-height-default\" data-id=\"1d58538c\" data-element_type=\"section\">\n\t\t\t\t\t\t<div class=\"elementor-container elementor-column-gap-default\">\n\t\t\t\t\t\t\t<div class=\"elementor-row\">\n\t\t\t\t\t<div class=\"elementor-column elementor-col-100 elementor-top-column elementor-element elementor-element-29f3becc\" data-id=\"29f3becc\" data-element_type=\"column\">\n\t\t\t<div class=\"elementor-column-wrap elementor-element-populated\">\n\t\t\t\t\t\t\t<div class=\"elementor-widget-wrap\">\n\t\t\t\t\t\t<div class=\"elementor-element elementor-element-331d001f elementor-widget elementor-widget-text-editor\" data-id=\"331d001f\" data-element_type=\"widget\" data-widget_type=\"text-editor.default\">\n\t\t\t\t<div class=\"elementor-widget-container\">\n\t\t\t\t\t\t\t\t<div class=\"elementor-text-editor elementor-clearfix\">\n\t\t\t\t<ul style=\"font-weight: 400\"><li data-charcodes=\"62\" data-buautonum=\"8\" data-margin=\"200\" data-aria-posinset=\"1\" data-aria-level=\"1\"><span data-scheme-color=\"@292B30,,\" data-usefontface=\"true\" data-contrast=\"none\">Construction du module de formation autour de 3 axes : Interactions Individuelles,\u00a0<\/span><span data-scheme-color=\"@292B30,,\" data-usefontface=\"true\" data-contrast=\"none\">Dynamiques Collectives, Conduite du Changement<\/span><span data-scheme-color=\"@292B30,,\" data-usefontface=\"true\" data-contrast=\"none\">,<\/span>\u200b<\/li><li data-charcodes=\"62\" data-buautonum=\"8\" data-margin=\"200\" data-aria-posinset=\"2\" data-aria-level=\"1\"><span data-scheme-color=\"@292B30,,\" data-usefontface=\"true\" data-contrast=\"none\">R\u00e9vision du corpus de<\/span><span data-scheme-color=\"@292B30,,\" data-usefontface=\"true\" data-contrast=\"none\">\u00a0Management 3.0\u00a0en se concentrant sur de nombreux\u00a0<\/span><span data-scheme-color=\"@292B30,,\" data-usefontface=\"true\" data-contrast=\"none\">ateliers de collaboration<\/span><span data-scheme-color=\"@292B30,,\" data-usefontface=\"true\" data-contrast=\"none\">,<\/span>\u200b<\/li><li data-charcodes=\"62\" data-buautonum=\"8\" data-margin=\"200\" data-aria-posinset=\"3\" data-aria-level=\"1\"><span data-scheme-color=\"@292B30,,\" data-usefontface=\"true\" data-contrast=\"none\">Personnalisation des modules en fonction des besoins sp\u00e9cifiques des managers d&#8217;SFR.<\/span><\/li><\/ul>\t\t\t\t\t<\/div>\n\t\t\t\t\t\t<\/div>\n\t\t\t\t<\/div>\n\t\t\t\t\t\t<\/div>\n\t\t\t\t\t<\/div>\n\t\t<\/div>\n\t\t\t\t\t\t\t\t<\/div>\n\t\t\t\t\t<\/div>\n\t\t<\/section>\n\t\t\t\t<section class=\"elementor-section elementor-top-section elementor-element elementor-element-652d2fd6 elementor-section-boxed elementor-section-height-default elementor-section-height-default\" data-id=\"652d2fd6\" data-element_type=\"section\">\n\t\t\t\t\t\t<div class=\"elementor-container elementor-column-gap-default\">\n\t\t\t\t\t\t\t<div class=\"elementor-row\">\n\t\t\t\t\t<div class=\"elementor-column elementor-col-100 elementor-top-column elementor-element elementor-element-12371cf5\" data-id=\"12371cf5\" data-element_type=\"column\">\n\t\t\t<div class=\"elementor-column-wrap elementor-element-populated\">\n\t\t\t\t\t\t\t<div class=\"elementor-widget-wrap\">\n\t\t\t\t\t\t<div class=\"elementor-element elementor-element-15aaf21a elementor-widget elementor-widget-heading\" data-id=\"15aaf21a\" data-element_type=\"widget\" data-widget_type=\"heading.default\">\n\t\t\t\t<div class=\"elementor-widget-container\">\n\t\t\t<h2 class=\"elementor-heading-title elementor-size-default\">B\u00e9n\u00e9fices Client<\/h2>\t\t<\/div>\n\t\t\t\t<\/div>\n\t\t\t\t\t\t<\/div>\n\t\t\t\t\t<\/div>\n\t\t<\/div>\n\t\t\t\t\t\t\t\t<\/div>\n\t\t\t\t\t<\/div>\n\t\t<\/section>\n\t\t\t\t<section class=\"elementor-section elementor-top-section elementor-element elementor-element-6619ee9c elementor-section-boxed elementor-section-height-default elementor-section-height-default\" data-id=\"6619ee9c\" data-element_type=\"section\">\n\t\t\t\t\t\t<div class=\"elementor-container elementor-column-gap-default\">\n\t\t\t\t\t\t\t<div class=\"elementor-row\">\n\t\t\t\t\t<div class=\"elementor-column elementor-col-100 elementor-top-column elementor-element elementor-element-13fda8d4\" data-id=\"13fda8d4\" data-element_type=\"column\">\n\t\t\t<div class=\"elementor-column-wrap elementor-element-populated\">\n\t\t\t\t\t\t\t<div class=\"elementor-widget-wrap\">\n\t\t\t\t\t\t<div class=\"elementor-element elementor-element-d227afe elementor-widget elementor-widget-text-editor\" data-id=\"d227afe\" data-element_type=\"widget\" data-widget_type=\"text-editor.default\">\n\t\t\t\t<div class=\"elementor-widget-container\">\n\t\t\t\t\t\t\t\t<div class=\"elementor-text-editor elementor-clearfix\">\n\t\t\t\t<ul style=\"font-weight: 400\"><li data-charcodes=\"62\" data-buautonum=\"8\" data-margin=\"188\" data-aria-posinset=\"1\" data-aria-level=\"1\"><span data-scheme-color=\"@292B30,,\" data-usefontface=\"true\" data-contrast=\"none\">Comprendre les d\u00e9fis li\u00e9s aux nouvelles r\u00e9f\u00e9rences manag\u00e9riales, puis s&#8217;interroger\u00a0<\/span><span data-scheme-color=\"@292B30,,\" data-usefontface=\"true\" data-contrast=\"none\">sur le soutien n\u00e9cessaire \u00e0 la mise en place de telles pratiques au sein des \u00e9quipes\u00a0<\/span><span data-scheme-color=\"@292B30,,\" data-usefontface=\"true\" data-contrast=\"none\">de cadres interm\u00e9diaires,<\/span>\u200b<\/li><li data-charcodes=\"62\" data-buautonum=\"8\" data-margin=\"188\" data-aria-posinset=\"2\" data-aria-level=\"1\"><span data-scheme-color=\"@292B30,,\" data-usefontface=\"true\" data-contrast=\"none\">Formation avec certificat\u00a0<\/span><span data-scheme-color=\"@292B30,,\" data-usefontface=\"true\" data-contrast=\"none\">Management<\/span><span data-scheme-color=\"@292B30,,\" data-usefontface=\"true\" data-contrast=\"none\">\u00a0<\/span><span data-scheme-color=\"@292B30,,\" data-usefontface=\"true\" data-contrast=\"none\">3.0,<\/span>\u200b<\/li><li data-charcodes=\"62\" data-buautonum=\"8\" data-margin=\"188\" data-aria-posinset=\"3\" data-aria-level=\"1\"><span data-scheme-color=\"@292B30,,\" data-usefontface=\"true\" data-contrast=\"none\">Maitrise des points cl\u00e9s de la Gestion des \u00e9quipes agiles et de<\/span><span data-scheme-color=\"@292B30,,\" data-usefontface=\"true\" data-contrast=\"none\">\u00a0<\/span><span data-scheme-color=\"@292B30,,\" data-usefontface=\"true\" data-contrast=\"none\">Scrum.<\/span><\/li><\/ul>\t\t\t\t\t<\/div>\n\t\t\t\t\t\t<\/div>\n\t\t\t\t<\/div>\n\t\t\t\t\t\t<\/div>\n\t\t\t\t\t<\/div>\n\t\t<\/div>\n\t\t\t\t\t\t\t\t<\/div>\n\t\t\t\t\t<\/div>\n\t\t<\/section>\n\t\t\t\t<section class=\"elementor-section elementor-top-section elementor-element elementor-element-e01608d elementor-section-boxed elementor-section-height-default elementor-section-height-default\" data-id=\"e01608d\" data-element_type=\"section\">\n\t\t\t\t\t\t<div class=\"elementor-container elementor-column-gap-default\">\n\t\t\t\t\t\t\t<div class=\"elementor-row\">\n\t\t\t\t\t<div class=\"elementor-column elementor-col-100 elementor-top-column elementor-element elementor-element-17d92e0a\" data-id=\"17d92e0a\" data-element_type=\"column\">\n\t\t\t<div class=\"elementor-column-wrap elementor-element-populated\">\n\t\t\t\t\t\t\t<div class=\"elementor-widget-wrap\">\n\t\t\t\t\t\t<div class=\"elementor-element elementor-element-20750f3b elementor-widget elementor-widget-heading\" data-id=\"20750f3b\" data-element_type=\"widget\" data-widget_type=\"heading.default\">\n\t\t\t\t<div class=\"elementor-widget-container\">\n\t\t\t<h2 class=\"elementor-heading-title elementor-size-default\">Notre valeur ajout\u00e9e<\/h2>\t\t<\/div>\n\t\t\t\t<\/div>\n\t\t\t\t<div class=\"elementor-element elementor-element-3c8bb6b9 elementor-widget elementor-widget-text-editor\" data-id=\"3c8bb6b9\" data-element_type=\"widget\" data-widget_type=\"text-editor.default\">\n\t\t\t\t<div class=\"elementor-widget-container\">\n\t\t\t\t\t\t\t\t<div class=\"elementor-text-editor elementor-clearfix\">\n\t\t\t\t<ul style=\"font-weight: 400\">\n<li data-charcodes=\"62\" data-buautonum=\"8\" data-margin=\"188\" data-aria-posinset=\"1\" data-aria-level=\"1\"><span data-scheme-color=\"@292B30,,\" data-usefontface=\"true\" data-contrast=\"none\">Managers : formations aux&nbsp;<\/span><span data-scheme-color=\"@292B30,,\" data-usefontface=\"true\" data-contrast=\"none\">m\u00e9thodologies agiles de Niveau&nbsp;<\/span><span data-scheme-color=\"@292B30,,\" data-usefontface=\"true\" data-contrast=\"none\">1 et 2,<\/span><\/li>\n<li data-charcodes=\"62\" data-buautonum=\"8\" data-margin=\"188\" data-aria-posinset=\"2\" data-aria-level=\"1\"><span data-scheme-color=\"@292B30,,\" data-usefontface=\"true\" data-contrast=\"none\">Management&nbsp;ex\u00e9cutif :<\/span><span data-scheme-color=\"@292B30,,\" data-usefontface=\"true\" data-contrast=\"none\">&nbsp;formation&nbsp;<\/span><span data-scheme-color=\"@292B30,,\" data-usefontface=\"true\" data-contrast=\"none\">&#8220;Manager une \u00e9quipe agile&#8221;<\/span><span data-scheme-color=\"@292B30,,\" data-usefontface=\"true\" data-contrast=\"none\">&nbsp;et &#8220;<\/span><span data-scheme-color=\"@292B30,,\" data-usefontface=\"true\" data-contrast=\"none\">Management<\/span><span data-scheme-color=\"@292B30,,\" data-usefontface=\"true\" data-contrast=\"none\">&nbsp;<\/span><span data-scheme-color=\"@292B30,,\" data-usefontface=\"true\" data-contrast=\"none\">3.0&#8243;<\/span><\/li>\n<\/ul>\t\t\t\t\t<\/div>\n\t\t\t\t\t\t<\/div>\n\t\t\t\t<\/div>\n\t\t\t\t<div class=\"elementor-element elementor-element-ff7f269 elementor-widget elementor-widget-spacer\" data-id=\"ff7f269\" data-element_type=\"widget\" data-widget_type=\"spacer.default\">\n\t\t\t\t<div class=\"elementor-widget-container\">\n\t\t\t\t\t<div class=\"elementor-spacer\">\n\t\t\t<div class=\"elementor-spacer-inner\"><\/div>\n\t\t<\/div>\n\t\t\t\t<\/div>\n\t\t\t\t<\/div>\n\t\t\t\t\t\t<\/div>\n\t\t\t\t\t<\/div>\n\t\t<\/div>\n\t\t\t\t\t\t\t\t<\/div>\n\t\t\t\t\t<\/div>\n\t\t<\/section>\n\t\t\t\t<section class=\"elementor-section elementor-top-section elementor-element elementor-element-1e4da80 elementor-section-boxed elementor-section-height-default elementor-section-height-default\" data-id=\"1e4da80\" data-element_type=\"section\">\n\t\t\t\t\t\t<div class=\"elementor-container elementor-column-gap-default\">\n\t\t\t\t\t\t\t<div class=\"elementor-row\">\n\t\t\t\t\t<div class=\"elementor-column elementor-col-25 elementor-top-column elementor-element elementor-element-c5e2cf6\" data-id=\"c5e2cf6\" data-element_type=\"column\">\n\t\t\t<div class=\"elementor-column-wrap elementor-element-populated\">\n\t\t\t\t\t\t\t<div class=\"elementor-widget-wrap\">\n\t\t\t\t\t\t<div class=\"elementor-element elementor-element-bafa16f elementor-widget elementor-widget-heading\" data-id=\"bafa16f\" data-element_type=\"widget\" data-widget_type=\"heading.default\">\n\t\t\t\t<div class=\"elementor-widget-container\">\n\t\t\t<h2 class=\"elementor-heading-title elementor-size-default\">Management 3.0<\/h2>\t\t<\/div>\n\t\t\t\t<\/div>\n\t\t\t\t\t\t<\/div>\n\t\t\t\t\t<\/div>\n\t\t<\/div>\n\t\t\t\t<div class=\"elementor-column elementor-col-25 elementor-top-column elementor-element elementor-element-78d3054\" data-id=\"78d3054\" data-element_type=\"column\">\n\t\t\t<div class=\"elementor-column-wrap elementor-element-populated\">\n\t\t\t\t\t\t\t<div class=\"elementor-widget-wrap\">\n\t\t\t\t\t\t<div class=\"elementor-element elementor-element-81a47d0 elementor-widget elementor-widget-heading\" data-id=\"81a47d0\" data-element_type=\"widget\" data-widget_type=\"heading.default\">\n\t\t\t\t<div class=\"elementor-widget-container\">\n\t\t\t<h2 class=\"elementor-heading-title elementor-size-default\">Leadership Tribal <\/h2>\t\t<\/div>\n\t\t\t\t<\/div>\n\t\t\t\t\t\t<\/div>\n\t\t\t\t\t<\/div>\n\t\t<\/div>\n\t\t\t\t<div class=\"elementor-column elementor-col-25 elementor-top-column elementor-element elementor-element-7a77e98\" data-id=\"7a77e98\" data-element_type=\"column\">\n\t\t\t<div class=\"elementor-column-wrap elementor-element-populated\">\n\t\t\t\t\t\t\t<div class=\"elementor-widget-wrap\">\n\t\t\t\t\t\t<div class=\"elementor-element elementor-element-adbe532 elementor-widget elementor-widget-heading\" data-id=\"adbe532\" data-element_type=\"widget\" data-widget_type=\"heading.default\">\n\t\t\t\t<div class=\"elementor-widget-container\">\n\t\t\t<h2 class=\"elementor-heading-title elementor-size-default\">Agile<\/h2>\t\t<\/div>\n\t\t\t\t<\/div>\n\t\t\t\t\t\t<\/div>\n\t\t\t\t\t<\/div>\n\t\t<\/div>\n\t\t\t\t<div class=\"elementor-column elementor-col-25 elementor-top-column elementor-element elementor-element-bb68c37\" data-id=\"bb68c37\" data-element_type=\"column\">\n\t\t\t<div class=\"elementor-column-wrap elementor-element-populated\">\n\t\t\t\t\t\t\t<div class=\"elementor-widget-wrap\">\n\t\t\t\t\t\t<div class=\"elementor-element elementor-element-fb973da elementor-widget elementor-widget-heading\" data-id=\"fb973da\" data-element_type=\"widget\" data-widget_type=\"heading.default\">\n\t\t\t\t<div class=\"elementor-widget-container\">\n\t\t\t<h2 class=\"elementor-heading-title elementor-size-default\">Freedom Management<\/h2>\t\t<\/div>\n\t\t\t\t<\/div>\n\t\t\t\t\t\t<\/div>\n\t\t\t\t\t<\/div>\n\t\t<\/div>\n\t\t\t\t\t\t\t\t<\/div>\n\t\t\t\t\t<\/div>\n\t\t<\/section>\n\t\t\t\t<section class=\"elementor-section elementor-top-section elementor-element elementor-element-aec93cc elementor-section-boxed elementor-section-height-default elementor-section-height-default\" data-id=\"aec93cc\" data-element_type=\"section\">\n\t\t\t\t\t\t<div class=\"elementor-container elementor-column-gap-default\">\n\t\t\t\t\t\t\t<div class=\"elementor-row\">\n\t\t\t\t\t<div class=\"elementor-column elementor-col-25 elementor-top-column elementor-element elementor-element-15f0f71\" data-id=\"15f0f71\" data-element_type=\"column\">\n\t\t\t<div class=\"elementor-column-wrap elementor-element-populated\">\n\t\t\t\t\t\t\t<div class=\"elementor-widget-wrap\">\n\t\t\t\t\t\t<div class=\"elementor-element elementor-element-5cdbf9c elementor-widget elementor-widget-heading\" data-id=\"5cdbf9c\" data-element_type=\"widget\" data-widget_type=\"heading.default\">\n\t\t\t\t<div class=\"elementor-widget-container\">\n\t\t\t<h2 class=\"elementor-heading-title elementor-size-default\">Contexte Projet<\/h2>\t\t<\/div>\n\t\t\t\t<\/div>\n\t\t\t\t\t\t<\/div>\n\t\t\t\t\t<\/div>\n\t\t<\/div>\n\t\t\t\t<div class=\"elementor-column elementor-col-25 elementor-top-column elementor-element elementor-element-7048c07\" data-id=\"7048c07\" data-element_type=\"column\">\n\t\t\t<div class=\"elementor-column-wrap elementor-element-populated\">\n\t\t\t\t\t\t\t<div class=\"elementor-widget-wrap\">\n\t\t\t\t\t\t<div class=\"elementor-element elementor-element-1d57886 elementor-widget elementor-widget-heading\" data-id=\"1d57886\" data-element_type=\"widget\" data-widget_type=\"heading.default\">\n\t\t\t\t<div class=\"elementor-widget-container\">\n\t\t\t<h2 class=\"elementor-heading-title elementor-size-default\">Collaboration<\/h2>\t\t<\/div>\n\t\t\t\t<\/div>\n\t\t\t\t\t\t<\/div>\n\t\t\t\t\t<\/div>\n\t\t<\/div>\n\t\t\t\t<div class=\"elementor-column elementor-col-25 elementor-top-column elementor-element elementor-element-41d8e45\" data-id=\"41d8e45\" data-element_type=\"column\">\n\t\t\t<div class=\"elementor-column-wrap elementor-element-populated\">\n\t\t\t\t\t\t\t<div class=\"elementor-widget-wrap\">\n\t\t\t\t\t\t<div class=\"elementor-element elementor-element-3043f8d elementor-widget elementor-widget-heading\" data-id=\"3043f8d\" data-element_type=\"widget\" data-widget_type=\"heading.default\">\n\t\t\t\t<div class=\"elementor-widget-container\">\n\t\t\t<h2 class=\"elementor-heading-title elementor-size-default\">Moving Motivations<\/h2>\t\t<\/div>\n\t\t\t\t<\/div>\n\t\t\t\t\t\t<\/div>\n\t\t\t\t\t<\/div>\n\t\t<\/div>\n\t\t\t\t<div class=\"elementor-column elementor-col-25 elementor-top-column elementor-element elementor-element-d46aab4\" data-id=\"d46aab4\" data-element_type=\"column\">\n\t\t\t<div class=\"elementor-column-wrap elementor-element-populated\">\n\t\t\t\t\t\t\t<div class=\"elementor-widget-wrap\">\n\t\t\t\t\t\t\t\t<\/div>\n\t\t\t\t\t<\/div>\n\t\t<\/div>\n\t\t\t\t\t\t\t\t<\/div>\n\t\t\t\t\t<\/div>\n\t\t<\/section>\n\t\t\t\t\t\t\t\t\t<\/div>\n\t\t\t<\/div>\n\t\t\t\t\t<\/div>\n\t\t","protected":false},"excerpt":{"rendered":"<p>Coaching et Transformation Agile<\/p>\n<p>Astrakhan accompagne SFR dans le&nbsp;renforcement des comp\u00e9tences de&nbsp;ses \u00e9quipes avec des formations&nbsp;d&#8217;Agilit\u00e9 de niveau 1 et 2 et de&nbsp;Gestion d&#8217;une \u00e9quipe agile.&nbsp;<br \/>\nAujourd&#8217;hui, l&#8217;organisation constate&nbsp;que la mise en \u0153uvre de l&#8217;agilit\u00e9&nbsp;n\u00e9cessite un changement de posture&nbsp;au <\/p>\n","protected":false},"author":15,"featured_media":0,"parent":10084,"menu_order":0,"comment_status":"closed","ping_status":"closed","template":"","meta":{"inline_featured_image":false,"pmpro_default_level":0},"acf":[],"_links":{"self":[{"href":"https:\/\/astrakhan.fr\/digitalleadership\/wp-json\/wp\/v2\/pages\/10099"}],"collection":[{"href":"https:\/\/astrakhan.fr\/digitalleadership\/wp-json\/wp\/v2\/pages"}],"about":[{"href":"https:\/\/astrakhan.fr\/digitalleadership\/wp-json\/wp\/v2\/types\/page"}],"author":[{"embeddable":true,"href":"https:\/\/astrakhan.fr\/digitalleadership\/wp-json\/wp\/v2\/users\/15"}],"replies":[{"embeddable":true,"href":"https:\/\/astrakhan.fr\/digitalleadership\/wp-json\/wp\/v2\/comments?post=10099"}],"version-history":[{"count":3,"href":"https:\/\/astrakhan.fr\/digitalleadership\/wp-json\/wp\/v2\/pages\/10099\/revisions"}],"predecessor-version":[{"id":14128,"href":"https:\/\/astrakhan.fr\/digitalleadership\/wp-json\/wp\/v2\/pages\/10099\/revisions\/14128"}],"up":[{"embeddable":true,"href":"https:\/\/astrakhan.fr\/digitalleadership\/wp-json\/wp\/v2\/pages\/10084"}],"wp:attachment":[{"href":"https:\/\/astrakhan.fr\/digitalleadership\/wp-json\/wp\/v2\/media?parent=10099"}],"curies":[{"name":"wp","href":"https:\/\/api.w.org\/{rel}","templated":true}]}}