{"id":13711,"date":"2021-04-02T15:10:05","date_gmt":"2021-04-02T13:10:05","guid":{"rendered":"https:\/\/astrakhan.fr\/digitalleadership\/?page_id=13711"},"modified":"2021-04-09T11:19:39","modified_gmt":"2021-04-09T09:19:39","slug":"politique-de-confidentialite","status":"publish","type":"page","link":"https:\/\/astrakhan.fr\/digitalleadership\/politique-de-confidentialite\/","title":{"rendered":"Politique de confidentialit\u00e9"},"content":{"rendered":"\t\t<div data-elementor-type=\"wp-page\" data-elementor-id=\"13711\" class=\"elementor elementor-13711\">\n\t\t\t\t\t\t<div class=\"elementor-inner\">\n\t\t\t\t<div class=\"elementor-section-wrap\">\n\t\t\t\t\t\t\t\t\t<section class=\"elementor-section elementor-top-section elementor-element elementor-element-1aee86d elementor-section-boxed elementor-section-height-default elementor-section-height-default\" data-id=\"1aee86d\" data-element_type=\"section\">\n\t\t\t\t\t\t<div class=\"elementor-container elementor-column-gap-default\">\n\t\t\t\t\t\t\t<div class=\"elementor-row\">\n\t\t\t\t\t<div class=\"elementor-column elementor-col-100 elementor-top-column elementor-element elementor-element-fd12b5b\" data-id=\"fd12b5b\" data-element_type=\"column\">\n\t\t\t<div class=\"elementor-column-wrap elementor-element-populated\">\n\t\t\t\t\t\t\t<div class=\"elementor-widget-wrap\">\n\t\t\t\t\t\t<div class=\"elementor-element elementor-element-4f2cd75 elementor-widget elementor-widget-heading\" data-id=\"4f2cd75\" data-element_type=\"widget\" data-widget_type=\"heading.default\">\n\t\t\t\t<div class=\"elementor-widget-container\">\n\t\t\t<h1 class=\"elementor-heading-title elementor-size-default\">Politique de confidentialit\u00e9<\/h1>\t\t<\/div>\n\t\t\t\t<\/div>\n\t\t\t\t<div class=\"elementor-element elementor-element-8702c46 elementor-widget elementor-widget-spacer\" data-id=\"8702c46\" data-element_type=\"widget\" data-widget_type=\"spacer.default\">\n\t\t\t\t<div class=\"elementor-widget-container\">\n\t\t\t\t\t<div class=\"elementor-spacer\">\n\t\t\t<div class=\"elementor-spacer-inner\"><\/div>\n\t\t<\/div>\n\t\t\t\t<\/div>\n\t\t\t\t<\/div>\n\t\t\t\t<div class=\"elementor-element elementor-element-92b404b elementor-widget elementor-widget-heading\" data-id=\"92b404b\" data-element_type=\"widget\" data-widget_type=\"heading.default\">\n\t\t\t\t<div class=\"elementor-widget-container\">\n\t\t\t<h2 class=\"elementor-heading-title elementor-size-default\">L\u2019objet de politique de protection des donn\u00e9es \u00e0 caract\u00e8re personnel<\/h2>\t\t<\/div>\n\t\t\t\t<\/div>\n\t\t\t\t<div class=\"elementor-element elementor-element-46080ea elementor-widget elementor-widget-text-editor\" data-id=\"46080ea\" data-element_type=\"widget\" data-widget_type=\"text-editor.default\">\n\t\t\t\t<div class=\"elementor-widget-container\">\n\t\t\t\t\t\t\t\t<div class=\"elementor-text-editor elementor-clearfix\">\n\t\t\t\t<p>Astrakhan s\u2019engage \u00e0 respecter votre confiance et \u00e0 appliquer la r\u00e8glementation en vigueur en France et dans l\u2019Union Europ\u00e9enne en mati\u00e8re de protection des donn\u00e9es \u00e0 caract\u00e8re personnel. La pr\u00e9sente Politique de protection des donn\u00e9es \u00e0 caract\u00e8re personnel vous informe sur les conditions dans lesquelles Astrakhan recueille et utilise vos donn\u00e9es \u00e0 caract\u00e8re personnel. Elle compl\u00e8te l\u2019information port\u00e9e \u00e0 votre connaissance lorsque vous nous communiquez vos donn\u00e9es en remplissant notre formulaire de contact ou de t\u00e9l\u00e9chargement des contenus.<\/p><p>Cette Politique s\u2019applique aux donn\u00e9es recueillies par mail, par courrier ou par t\u00e9l\u00e9phone lorsque vous contactez nos diff\u00e9rents services, ainsi que lorsque vous utilisez notre site internet ou sa version mobile. Il s\u2019agit de r\u00e8gles relatives aux donn\u00e9es \u00e0 caract\u00e8re personnel de tous nos clients et prospects avec lesquels nous sommes en interaction, quel que soit le canal de collecte de ces donn\u00e9es. Elle est accessible \u00e0 tous et en permanence depuis www.astrakhan.fr\/digitalleadership\/<\/p>\t\t\t\t\t<\/div>\n\t\t\t\t\t\t<\/div>\n\t\t\t\t<\/div>\n\t\t\t\t<div class=\"elementor-element elementor-element-30a981c elementor-widget elementor-widget-heading\" data-id=\"30a981c\" data-element_type=\"widget\" data-widget_type=\"heading.default\">\n\t\t\t\t<div class=\"elementor-widget-container\">\n\t\t\t<h2 class=\"elementor-heading-title elementor-size-default\">La finalit\u00e9 des donn\u00e9es trait\u00e9es<\/h2>\t\t<\/div>\n\t\t\t\t<\/div>\n\t\t\t\t<div class=\"elementor-element elementor-element-8e226df elementor-widget elementor-widget-text-editor\" data-id=\"8e226df\" data-element_type=\"widget\" data-widget_type=\"text-editor.default\">\n\t\t\t\t<div class=\"elementor-widget-container\">\n\t\t\t\t\t\t\t\t<div class=\"elementor-text-editor elementor-clearfix\">\n\t\t\t\t<p>Pour chaque traitement, nous recueillons et utilisons uniquement les donn\u00e9es pertinentes et n\u00e9cessaires \u00e0 l\u2019objectif poursuivi. Nous utilisons vos donn\u00e9es afin de poursuivre nos int\u00e9r\u00eats l\u00e9gitimes, en veillant \u00e0 toujours respecter vos droits et int\u00e9r\u00eats, et lorsque n\u00e9cessaire sur la base de votre consentement expr\u00e8s. La dur\u00e9e de conservation de vos donn\u00e9es personnelles est de 12 mois.<\/p><p>Les principales finalit\u00e9s pour lesquelles nous sommes amen\u00e9s \u00e0 traiter vos donn\u00e9es personnelles sont les suivantes : r\u00e9pondre aux demandes des particuliers et des professionnels ; administrer notre site internet (cookies) ; r\u00e9pondre aux obligations l\u00e9gales et r\u00e9glementaires.<\/p>\t\t\t\t\t<\/div>\n\t\t\t\t\t\t<\/div>\n\t\t\t\t<\/div>\n\t\t\t\t<div class=\"elementor-element elementor-element-0a35516 elementor-widget elementor-widget-heading\" data-id=\"0a35516\" data-element_type=\"widget\" data-widget_type=\"heading.default\">\n\t\t\t\t<div class=\"elementor-widget-container\">\n\t\t\t<h2 class=\"elementor-heading-title elementor-size-default\">Destinataires de vos donn\u00e9es<\/h2>\t\t<\/div>\n\t\t\t\t<\/div>\n\t\t\t\t<div class=\"elementor-element elementor-element-09794b1 elementor-widget elementor-widget-text-editor\" data-id=\"09794b1\" data-element_type=\"widget\" data-widget_type=\"text-editor.default\">\n\t\t\t\t<div class=\"elementor-widget-container\">\n\t\t\t\t\t\t\t\t<div class=\"elementor-text-editor elementor-clearfix\">\n\t\t\t\t<p>Les destinataires des donn\u00e9es personnelles, sont, dans le cadre des finalit\u00e9s \u00e9nonc\u00e9es ci-dessus : les personnels d\u00fbment habilit\u00e9s d\u2019Astrakhan ; autorit\u00e9s comp\u00e9tentes, \u00e0 leur demande, ou afin de nous conformer \u00e0 d\u2019autres obligations l\u00e9gales.<\/p>\t\t\t\t\t<\/div>\n\t\t\t\t\t\t<\/div>\n\t\t\t\t<\/div>\n\t\t\t\t<div class=\"elementor-element elementor-element-799050f elementor-widget elementor-widget-heading\" data-id=\"799050f\" data-element_type=\"widget\" data-widget_type=\"heading.default\">\n\t\t\t\t<div class=\"elementor-widget-container\">\n\t\t\t<h2 class=\"elementor-heading-title elementor-size-default\">Vos droits<\/h2>\t\t<\/div>\n\t\t\t\t<\/div>\n\t\t\t\t<div class=\"elementor-element elementor-element-5bb0365 elementor-widget elementor-widget-text-editor\" data-id=\"5bb0365\" data-element_type=\"widget\" data-widget_type=\"text-editor.default\">\n\t\t\t\t<div class=\"elementor-widget-container\">\n\t\t\t\t\t\t\t\t<div class=\"elementor-text-editor elementor-clearfix\">\n\t\t\t\t<p>Conform\u00e9ment \u00e0 la r\u00e8glementation applicable, vous disposez de diff\u00e9rents droits que vous pouvez exercer \u00e0 tout moment :<\/p><p>Vous disposez d\u2019un droit d\u2019acc\u00e8s, d\u2019un droit de rectification, d\u2019un droit \u00e0 l\u2019effacement des donn\u00e9es vous concernant, ainsi que du droit de demander la portabilit\u00e9 des donn\u00e9es que vous nous avez fournies.<\/p><p>Vous avez le droit de vous opposer pour des motifs l\u00e9gitimes aux traitements r\u00e9alis\u00e9s concernant vos donn\u00e9es, ou de demander la limitation de ces traitements.<\/p><p>Vous disposez du droit de pr\u00e9voir des directives relatives au sort de vos donn\u00e9es \u00e0 caract\u00e8re personnel apr\u00e8s votre d\u00e9c\u00e8s.<\/p>\t\t\t\t\t<\/div>\n\t\t\t\t\t\t<\/div>\n\t\t\t\t<\/div>\n\t\t\t\t<div class=\"elementor-element elementor-element-56bd46e elementor-widget elementor-widget-heading\" data-id=\"56bd46e\" data-element_type=\"widget\" data-widget_type=\"heading.default\">\n\t\t\t\t<div class=\"elementor-widget-container\">\n\t\t\t<h2 class=\"elementor-heading-title elementor-size-default\">Exercer vos droits<\/h2>\t\t<\/div>\n\t\t\t\t<\/div>\n\t\t\t\t<div class=\"elementor-element elementor-element-a9b3314 elementor-widget elementor-widget-text-editor\" data-id=\"a9b3314\" data-element_type=\"widget\" data-widget_type=\"text-editor.default\">\n\t\t\t\t<div class=\"elementor-widget-container\">\n\t\t\t\t\t\t\t\t<div class=\"elementor-text-editor elementor-clearfix\">\n\t\t\t\t<p>Pour exercer l\u2019un ou l\u2019autre de vos droits, il vous suffit de nous envoyer un mail \u00e0 l\u2019adresse suivante : contact@astrakhan.fr, ou en nous contactant par voie postale \u00e0 l\u2019adresse suivante : Astrakhan \u2013 1 rue des G\u00e2tines, 75020 Paris, France.<\/p><p>Nous r\u00e9pondrons \u00e0 votre demande dans les meilleurs d\u00e9lais. En cas de doutes raisonnables sur votre identit\u00e9, nous pourrons \u00eatre amen\u00e9s \u00e0 vous demander des informations suppl\u00e9mentaires (i.e. une pi\u00e8ce d\u2019identit\u00e9) afin de confirmer votre identit\u00e9. Nous nous r\u00e9servons la possibilit\u00e9 de ne pas donner suite aux demandes manifestement infond\u00e9es ou excessives.<\/p>\t\t\t\t\t<\/div>\n\t\t\t\t\t\t<\/div>\n\t\t\t\t<\/div>\n\t\t\t\t\t\t<\/div>\n\t\t\t\t\t<\/div>\n\t\t<\/div>\n\t\t\t\t\t\t\t\t<\/div>\n\t\t\t\t\t<\/div>\n\t\t<\/section>\n\t\t\t\t\t\t\t\t\t<\/div>\n\t\t\t<\/div>\n\t\t\t\t\t<\/div>\n\t\t","protected":false},"excerpt":{"rendered":"<p>Politique de confidentialit\u00e9<br \/>\nL\u2019objet de politique de protection des donn\u00e9es \u00e0 caract\u00e8re personnel<br \/>\nAstrakhan s\u2019engage \u00e0 respecter votre confiance et \u00e0 appliquer la r\u00e8glementation en vigueur en France et dans l\u2019Union Europ\u00e9enne en mati\u00e8re de protection des donn\u00e9es \u00e0 caract\u00e8re <\/p>\n","protected":false},"author":8,"featured_media":0,"parent":0,"menu_order":0,"comment_status":"closed","ping_status":"closed","template":"","meta":{"inline_featured_image":false,"pmpro_default_level":0},"acf":[],"_links":{"self":[{"href":"https:\/\/astrakhan.fr\/digitalleadership\/wp-json\/wp\/v2\/pages\/13711"}],"collection":[{"href":"https:\/\/astrakhan.fr\/digitalleadership\/wp-json\/wp\/v2\/pages"}],"about":[{"href":"https:\/\/astrakhan.fr\/digitalleadership\/wp-json\/wp\/v2\/types\/page"}],"author":[{"embeddable":true,"href":"https:\/\/astrakhan.fr\/digitalleadership\/wp-json\/wp\/v2\/users\/8"}],"replies":[{"embeddable":true,"href":"https:\/\/astrakhan.fr\/digitalleadership\/wp-json\/wp\/v2\/comments?post=13711"}],"version-history":[{"count":3,"href":"https:\/\/astrakhan.fr\/digitalleadership\/wp-json\/wp\/v2\/pages\/13711\/revisions"}],"predecessor-version":[{"id":13987,"href":"https:\/\/astrakhan.fr\/digitalleadership\/wp-json\/wp\/v2\/pages\/13711\/revisions\/13987"}],"wp:attachment":[{"href":"https:\/\/astrakhan.fr\/digitalleadership\/wp-json\/wp\/v2\/media?parent=13711"}],"curies":[{"name":"wp","href":"https:\/\/api.w.org\/{rel}","templated":true}]}}