{"id":7305,"date":"2020-12-07T10:05:57","date_gmt":"2020-12-07T09:05:57","guid":{"rendered":"https:\/\/astrakhan.fr\/digitalleadership\/?page_id=7305"},"modified":"2021-11-10T15:47:10","modified_gmt":"2021-11-10T14:47:10","slug":"formations","status":"publish","type":"page","link":"https:\/\/astrakhan.fr\/digitalleadership\/formations\/","title":{"rendered":"FORMATIONS"},"content":{"rendered":"\t\t<div data-elementor-type=\"wp-page\" data-elementor-id=\"7305\" class=\"elementor elementor-7305\">\n\t\t\t\t\t\t<div class=\"elementor-inner\">\n\t\t\t\t<div class=\"elementor-section-wrap\">\n\t\t\t\t\t\t\t\t\t<section class=\"elementor-section elementor-top-section elementor-element elementor-element-44e4cf1 elementor-section-boxed elementor-section-height-default elementor-section-height-default\" data-id=\"44e4cf1\" data-element_type=\"section\">\n\t\t\t\t\t\t<div class=\"elementor-container elementor-column-gap-default\">\n\t\t\t\t\t\t\t<div class=\"elementor-row\">\n\t\t\t\t\t<div class=\"elementor-column elementor-col-100 elementor-top-column elementor-element elementor-element-4f6c916\" data-id=\"4f6c916\" data-element_type=\"column\">\n\t\t\t<div class=\"elementor-column-wrap elementor-element-populated\">\n\t\t\t\t\t\t\t<div class=\"elementor-widget-wrap\">\n\t\t\t\t\t\t<div class=\"elementor-element elementor-element-ad133d4 elementor-widget elementor-widget-heading\" data-id=\"ad133d4\" data-element_type=\"widget\" data-widget_type=\"heading.default\">\n\t\t\t\t<div class=\"elementor-widget-container\">\n\t\t\t<h1 class=\"elementor-heading-title elementor-size-default\">Les Formations<\/h1>\t\t<\/div>\n\t\t\t\t<\/div>\n\t\t\t\t<div class=\"elementor-element elementor-element-2818061 elementor-widget elementor-widget-spacer\" data-id=\"2818061\" data-element_type=\"widget\" data-widget_type=\"spacer.default\">\n\t\t\t\t<div class=\"elementor-widget-container\">\n\t\t\t\t\t<div class=\"elementor-spacer\">\n\t\t\t<div class=\"elementor-spacer-inner\"><\/div>\n\t\t<\/div>\n\t\t\t\t<\/div>\n\t\t\t\t<\/div>\n\t\t\t\t\t\t<\/div>\n\t\t\t\t\t<\/div>\n\t\t<\/div>\n\t\t\t\t\t\t\t\t<\/div>\n\t\t\t\t\t<\/div>\n\t\t<\/section>\n\t\t\t\t<section class=\"elementor-section elementor-top-section elementor-element elementor-element-8dad58e elementor-section-boxed elementor-section-height-default elementor-section-height-default\" data-id=\"8dad58e\" data-element_type=\"section\">\n\t\t\t\t\t\t<div class=\"elementor-container elementor-column-gap-default\">\n\t\t\t\t\t\t\t<div class=\"elementor-row\">\n\t\t\t\t\t<div class=\"elementor-column elementor-col-100 elementor-top-column elementor-element elementor-element-a71a3a6\" data-id=\"a71a3a6\" data-element_type=\"column\">\n\t\t\t<div class=\"elementor-column-wrap elementor-element-populated\">\n\t\t\t\t\t\t\t<div class=\"elementor-widget-wrap\">\n\t\t\t\t\t\t<div class=\"elementor-element elementor-element-8dcc4fd elementor-widget elementor-widget-heading\" data-id=\"8dcc4fd\" data-element_type=\"widget\" data-widget_type=\"heading.default\">\n\t\t\t\t<div class=\"elementor-widget-container\">\n\t\t\t<h2 class=\"elementor-heading-title elementor-size-default\">Des formations \u00ab\u00a0all inclusive\u00a0\u00bb<\/h2>\t\t<\/div>\n\t\t\t\t<\/div>\n\t\t\t\t<div class=\"elementor-element elementor-element-ad12a3f elementor-widget elementor-widget-text-editor\" data-id=\"ad12a3f\" data-element_type=\"widget\" data-widget_type=\"text-editor.default\">\n\t\t\t\t<div class=\"elementor-widget-container\">\n\t\t\t\t\t\t\t\t<div class=\"elementor-text-editor elementor-clearfix\">\n\t\t\t\t<p>Concr\u00e8tement, les formations d\u2019Astrakhan sont <strong>\u00ab all inclusive \u00bb<\/strong> : elles comprennent de la th\u00e9orie, de la pratique mais aussi du questionnement pour la mise en contexte. A la fin de chaque formation, les apprenants devront r\u00e9pondre \u00e0 un questionnaire afin de v\u00e9rifier les connaissances acquises au cours de celle-ci.\u00a0<\/p><p>Notre cabinet propose plusieurs formats d\u00e9di\u00e9s \u00e0 la mont\u00e9e en comp\u00e9tences\u00a0:<\/p><ul><li><b>Classrooms<\/b> : Formations en pr\u00e9sentiel ou \u00e0 distance, anim\u00e9e par un formateur et combinant contenu th\u00e9orique et pratique, \u00e0 base de p\u00e9dagogie invers\u00e9e et de gamification.<\/li><li><b>Podcasts <\/b>: Capsules audios et vid\u00e9o \u00e0 consommer sans mod\u00e9ration pour monter en comp\u00e9tence de fa\u00e7on autonome, \u00e0 son propre rythme.<\/li><li><b>Workshops <\/b>: Apprentissage assist\u00e9 par Astrakhan, reposant int\u00e9gralement sur des cas pratiques tir\u00e9s du contexte du client, pour transf\u00e9rer des \u00e9l\u00e9ments de m\u00e9thode et de technique tout en produisant un contenu directement utilisable ou r\u00e9utilisable,<\/li><li><strong>MicroLearning :<\/strong> Parcours de formation reposant sur un parcours de mont\u00e9e en comp\u00e9tence, d\u00e9fini \u00e0 l\u2019avance, \u00e0 base de capsules quotidiennes (audios, vid\u00e9os, quizzes).<\/li><li><strong>UpRooM :<\/strong> Formations utilisant des techniques \u00e0 base de r\u00e9alit\u00e9 \u00e9tendue et de technologies immersives, bas\u00e9es sur le management visuel et anim\u00e9es \u00e0 distance par un formateur.\u00a0<\/li><\/ul>\t\t\t\t\t<\/div>\n\t\t\t\t\t\t<\/div>\n\t\t\t\t<\/div>\n\t\t\t\t<div class=\"elementor-element elementor-element-1851208 elementor-widget elementor-widget-image\" data-id=\"1851208\" data-element_type=\"widget\" data-widget_type=\"image.default\">\n\t\t\t\t<div class=\"elementor-widget-container\">\n\t\t\t\t\t\t\t\t<div class=\"elementor-image\">\n\t\t\t\t\t\t\t\t\t\t\t\t<img decoding=\"async\" width=\"640\" height=\"270\" src=\"https:\/\/astrakhan.fr\/digitalleadership\/wp-content\/uploads\/sites\/6\/2021\/02\/Fomat-formation.png\" class=\"attachment-large size-large wp-image-8938\" alt=\"\" loading=\"lazy\" srcset=\"https:\/\/astrakhan.fr\/digitalleadership\/wp-content\/uploads\/sites\/6\/2021\/02\/Fomat-formation.png 966w, https:\/\/astrakhan.fr\/digitalleadership\/wp-content\/uploads\/sites\/6\/2021\/02\/Fomat-formation-300x127.png 300w, https:\/\/astrakhan.fr\/digitalleadership\/wp-content\/uploads\/sites\/6\/2021\/02\/Fomat-formation-768x324.png 768w\" sizes=\"(max-width: 640px) 100vw, 640px\" \/>\t\t\t\t\t\t\t\t\t\t\t\t\t\t<\/div>\n\t\t\t\t\t\t<\/div>\n\t\t\t\t<\/div>\n\t\t\t\t\t\t<\/div>\n\t\t\t\t\t<\/div>\n\t\t<\/div>\n\t\t\t\t\t\t\t\t<\/div>\n\t\t\t\t\t<\/div>\n\t\t<\/section>\n\t\t\t\t<section class=\"elementor-section elementor-top-section elementor-element elementor-element-92afce0 elementor-section-boxed elementor-section-height-default elementor-section-height-default\" data-id=\"92afce0\" data-element_type=\"section\">\n\t\t\t\t\t\t<div class=\"elementor-container elementor-column-gap-default\">\n\t\t\t\t\t\t\t<div class=\"elementor-row\">\n\t\t\t\t\t<div class=\"elementor-column elementor-col-100 elementor-top-column elementor-element elementor-element-805e104\" data-id=\"805e104\" data-element_type=\"column\">\n\t\t\t<div class=\"elementor-column-wrap elementor-element-populated\">\n\t\t\t\t\t\t\t<div class=\"elementor-widget-wrap\">\n\t\t\t\t\t\t<div class=\"elementor-element elementor-element-a9aeae8 elementor-widget elementor-widget-spacer\" data-id=\"a9aeae8\" data-element_type=\"widget\" data-widget_type=\"spacer.default\">\n\t\t\t\t<div class=\"elementor-widget-container\">\n\t\t\t\t\t<div class=\"elementor-spacer\">\n\t\t\t<div class=\"elementor-spacer-inner\"><\/div>\n\t\t<\/div>\n\t\t\t\t<\/div>\n\t\t\t\t<\/div>\n\t\t\t\t<div class=\"elementor-element elementor-element-469fcff elementor-widget elementor-widget-heading\" data-id=\"469fcff\" data-element_type=\"widget\" data-widget_type=\"heading.default\">\n\t\t\t\t<div class=\"elementor-widget-container\">\n\t\t\t<h2 class=\"elementor-heading-title elementor-size-default\">Nous vous proposons des formations dans chacun de ces domaines d'expertise : <\/h2>\t\t<\/div>\n\t\t\t\t<\/div>\n\t\t\t\t<div class=\"elementor-element elementor-element-859e2a0 elementor-widget elementor-widget-spacer\" data-id=\"859e2a0\" data-element_type=\"widget\" data-widget_type=\"spacer.default\">\n\t\t\t\t<div class=\"elementor-widget-container\">\n\t\t\t\t\t<div class=\"elementor-spacer\">\n\t\t\t<div class=\"elementor-spacer-inner\"><\/div>\n\t\t<\/div>\n\t\t\t\t<\/div>\n\t\t\t\t<\/div>\n\t\t\t\t\t\t<\/div>\n\t\t\t\t\t<\/div>\n\t\t<\/div>\n\t\t\t\t\t\t\t\t<\/div>\n\t\t\t\t\t<\/div>\n\t\t<\/section>\n\t\t\t\t<section class=\"elementor-section elementor-top-section elementor-element elementor-element-b81311e elementor-section-boxed elementor-section-height-default elementor-section-height-default\" data-id=\"b81311e\" data-element_type=\"section\">\n\t\t\t\t\t\t<div class=\"elementor-container elementor-column-gap-default\">\n\t\t\t\t\t\t\t<div class=\"elementor-row\">\n\t\t\t\t\t<div class=\"elementor-column elementor-col-50 elementor-top-column elementor-element elementor-element-5153555\" data-id=\"5153555\" data-element_type=\"column\">\n\t\t\t<div class=\"elementor-column-wrap elementor-element-populated\">\n\t\t\t\t\t\t\t<div class=\"elementor-widget-wrap\">\n\t\t\t\t\t\t<div class=\"elementor-element elementor-element-055588e elementor-widget elementor-widget-image\" data-id=\"055588e\" data-element_type=\"widget\" data-widget_type=\"image.default\">\n\t\t\t\t<div class=\"elementor-widget-container\">\n\t\t\t\t\t\t\t\t<div class=\"elementor-image\">\n\t\t\t\t\t\t\t\t\t\t\t\t\t<a href=\"https:\/\/astrakhan.fr\/digitalleadership\/formations\/architecture-et-technologies\/\">\n\t\t\t\t\t\t\t<img decoding=\"async\" src=\"https:\/\/astrakhan.fr\/digitalleadership\/wp-content\/uploads\/sites\/6\/elementor\/thumbs\/ART01-integration-essentials-1-p3cdi5ke44jvdtmngx0edl5w1t78yfib3rplnio9qw.jpg\" title=\"Integration Essentials\" alt=\"Integration Essentials\" loading=\"lazy\" \/>\t\t\t\t\t\t\t\t<\/a>\n\t\t\t\t\t\t\t\t\t\t\t\t\t\t<\/div>\n\t\t\t\t\t\t<\/div>\n\t\t\t\t<\/div>\n\t\t\t\t<div class=\"elementor-element elementor-element-b88eaad elementor-widget elementor-widget-heading\" data-id=\"b88eaad\" data-element_type=\"widget\" data-widget_type=\"heading.default\">\n\t\t\t\t<div class=\"elementor-widget-container\">\n\t\t\t<h2 class=\"elementor-heading-title elementor-size-default\"><a href=\"https:\/\/astrakhan.fr\/digitalleadership\/formations\/architecture-et-technologies\/\">Architecture et Technologies<\/a><\/h2>\t\t<\/div>\n\t\t\t\t<\/div>\n\t\t\t\t\t\t<\/div>\n\t\t\t\t\t<\/div>\n\t\t<\/div>\n\t\t\t\t<div class=\"elementor-column elementor-col-50 elementor-top-column elementor-element elementor-element-a89f948\" data-id=\"a89f948\" data-element_type=\"column\">\n\t\t\t<div class=\"elementor-column-wrap elementor-element-populated\">\n\t\t\t\t\t\t\t<div class=\"elementor-widget-wrap\">\n\t\t\t\t\t\t<div class=\"elementor-element elementor-element-8ab18a8 elementor-widget elementor-widget-image\" data-id=\"8ab18a8\" data-element_type=\"widget\" data-widget_type=\"image.default\">\n\t\t\t\t<div class=\"elementor-widget-container\">\n\t\t\t\t\t\t\t\t<div class=\"elementor-image\">\n\t\t\t\t\t\t\t\t\t\t\t\t\t<a href=\"https:\/\/astrakhan.fr\/digitalleadership\/formations\/data\/\">\n\t\t\t\t\t\t\t<img decoding=\"async\" src=\"https:\/\/astrakhan.fr\/digitalleadership\/wp-content\/uploads\/sites\/6\/elementor\/thumbs\/data-camp-p3rhvpyh9c55cf2jg2mgc7khlbah0whlipu1dp60k8.jpg\" title=\"Data Camp\" alt=\"Data Camp\" loading=\"lazy\" \/>\t\t\t\t\t\t\t\t<\/a>\n\t\t\t\t\t\t\t\t\t\t\t\t\t\t<\/div>\n\t\t\t\t\t\t<\/div>\n\t\t\t\t<\/div>\n\t\t\t\t<div class=\"elementor-element elementor-element-6de56b8 elementor-widget elementor-widget-heading\" data-id=\"6de56b8\" data-element_type=\"widget\" data-widget_type=\"heading.default\">\n\t\t\t\t<div class=\"elementor-widget-container\">\n\t\t\t<h2 class=\"elementor-heading-title elementor-size-default\"><a href=\"https:\/\/astrakhan.fr\/digitalleadership\/formations\/data\/\">Data<\/a><\/h2>\t\t<\/div>\n\t\t\t\t<\/div>\n\t\t\t\t\t\t<\/div>\n\t\t\t\t\t<\/div>\n\t\t<\/div>\n\t\t\t\t\t\t\t\t<\/div>\n\t\t\t\t\t<\/div>\n\t\t<\/section>\n\t\t\t\t<section class=\"elementor-section elementor-top-section elementor-element elementor-element-62a29b3 elementor-section-boxed elementor-section-height-default elementor-section-height-default\" data-id=\"62a29b3\" data-element_type=\"section\">\n\t\t\t\t\t\t<div class=\"elementor-container elementor-column-gap-default\">\n\t\t\t\t\t\t\t<div class=\"elementor-row\">\n\t\t\t\t\t<div class=\"elementor-column elementor-col-50 elementor-top-column elementor-element elementor-element-1e06d7a\" data-id=\"1e06d7a\" data-element_type=\"column\">\n\t\t\t<div class=\"elementor-column-wrap elementor-element-populated\">\n\t\t\t\t\t\t\t<div class=\"elementor-widget-wrap\">\n\t\t\t\t\t\t<div class=\"elementor-element elementor-element-c67a672 elementor-widget elementor-widget-image\" data-id=\"c67a672\" data-element_type=\"widget\" data-widget_type=\"image.default\">\n\t\t\t\t<div class=\"elementor-widget-container\">\n\t\t\t\t\t\t\t\t<div class=\"elementor-image\">\n\t\t\t\t\t\t\t\t\t\t\t\t\t<a href=\"https:\/\/astrakhan.fr\/digitalleadership\/formations\/innovation-et-soft-skills\/\">\n\t\t\t\t\t\t\t<img decoding=\"async\" src=\"https:\/\/astrakhan.fr\/digitalleadership\/wp-content\/uploads\/sites\/6\/elementor\/thumbs\/ISS03-Design-Thinking-p3bxbhe1lax2frzpv1xyqmffj545gyccbta00mluu0.jpg\" title=\"Design Thinking\" alt=\"Design Thinking\" loading=\"lazy\" \/>\t\t\t\t\t\t\t\t<\/a>\n\t\t\t\t\t\t\t\t\t\t\t\t\t\t<\/div>\n\t\t\t\t\t\t<\/div>\n\t\t\t\t<\/div>\n\t\t\t\t<div class=\"elementor-element elementor-element-5eac8b1 elementor-widget elementor-widget-heading\" data-id=\"5eac8b1\" data-element_type=\"widget\" data-widget_type=\"heading.default\">\n\t\t\t\t<div class=\"elementor-widget-container\">\n\t\t\t<h2 class=\"elementor-heading-title elementor-size-default\"><a href=\"https:\/\/astrakhan.fr\/digitalleadership\/formations\/innovation-et-soft-skills\/\">Innovation et Soft Skills<\/a><\/h2>\t\t<\/div>\n\t\t\t\t<\/div>\n\t\t\t\t\t\t<\/div>\n\t\t\t\t\t<\/div>\n\t\t<\/div>\n\t\t\t\t<div class=\"elementor-column elementor-col-50 elementor-top-column elementor-element elementor-element-9f0001c\" data-id=\"9f0001c\" data-element_type=\"column\">\n\t\t\t<div class=\"elementor-column-wrap elementor-element-populated\">\n\t\t\t\t\t\t\t<div class=\"elementor-widget-wrap\">\n\t\t\t\t\t\t<div class=\"elementor-element elementor-element-17211f1 elementor-widget elementor-widget-image\" data-id=\"17211f1\" data-element_type=\"widget\" data-widget_type=\"image.default\">\n\t\t\t\t<div class=\"elementor-widget-container\">\n\t\t\t\t\t\t\t\t<div class=\"elementor-image\">\n\t\t\t\t\t\t\t\t\t\t\t\t\t<a href=\"https:\/\/astrakhan.fr\/digitalleadership\/formations\/management-et-agilite\/\">\n\t\t\t\t\t\t\t<img decoding=\"async\" src=\"https:\/\/astrakhan.fr\/digitalleadership\/wp-content\/uploads\/sites\/6\/elementor\/thumbs\/pm-disciplines-p3ri9dk2jou40h8gph4c29ik9tzfulp7qb0zdex460.jpg\" title=\"disciplines gestion de projet\" alt=\"disciplines gestion de projet\" loading=\"lazy\" \/>\t\t\t\t\t\t\t\t<\/a>\n\t\t\t\t\t\t\t\t\t\t\t\t\t\t<\/div>\n\t\t\t\t\t\t<\/div>\n\t\t\t\t<\/div>\n\t\t\t\t<div class=\"elementor-element elementor-element-b782890 elementor-widget elementor-widget-heading\" data-id=\"b782890\" data-element_type=\"widget\" data-widget_type=\"heading.default\">\n\t\t\t\t<div class=\"elementor-widget-container\">\n\t\t\t<h2 class=\"elementor-heading-title elementor-size-default\"><a href=\"https:\/\/astrakhan.fr\/digitalleadership\/formations\/management-et-agilite\/\">Management et Agilit\u00e9<\/a><\/h2>\t\t<\/div>\n\t\t\t\t<\/div>\n\t\t\t\t\t\t<\/div>\n\t\t\t\t\t<\/div>\n\t\t<\/div>\n\t\t\t\t\t\t\t\t<\/div>\n\t\t\t\t\t<\/div>\n\t\t<\/section>\n\t\t\t\t<section class=\"elementor-section elementor-top-section elementor-element elementor-element-c55c10a elementor-section-boxed elementor-section-height-default elementor-section-height-default\" data-id=\"c55c10a\" data-element_type=\"section\">\n\t\t\t\t\t\t<div class=\"elementor-container elementor-column-gap-default\">\n\t\t\t\t\t\t\t<div class=\"elementor-row\">\n\t\t\t\t\t<div class=\"elementor-column elementor-col-100 elementor-top-column elementor-element elementor-element-76d60ed\" data-id=\"76d60ed\" data-element_type=\"column\">\n\t\t\t<div class=\"elementor-column-wrap elementor-element-populated\">\n\t\t\t\t\t\t\t<div class=\"elementor-widget-wrap\">\n\t\t\t\t\t\t<div class=\"elementor-element elementor-element-2f09673 elementor-widget elementor-widget-spacer\" data-id=\"2f09673\" data-element_type=\"widget\" data-widget_type=\"spacer.default\">\n\t\t\t\t<div class=\"elementor-widget-container\">\n\t\t\t\t\t<div class=\"elementor-spacer\">\n\t\t\t<div class=\"elementor-spacer-inner\"><\/div>\n\t\t<\/div>\n\t\t\t\t<\/div>\n\t\t\t\t<\/div>\n\t\t\t\t\t\t<\/div>\n\t\t\t\t\t<\/div>\n\t\t<\/div>\n\t\t\t\t\t\t\t\t<\/div>\n\t\t\t\t\t<\/div>\n\t\t<\/section>\n\t\t\t\t<section class=\"elementor-section elementor-top-section elementor-element elementor-element-e16ba01 elementor-section-boxed elementor-section-height-default elementor-section-height-default\" data-id=\"e16ba01\" data-element_type=\"section\">\n\t\t\t\t\t\t<div class=\"elementor-container elementor-column-gap-default\">\n\t\t\t\t\t\t\t<div class=\"elementor-row\">\n\t\t\t\t\t<div class=\"elementor-column elementor-col-100 elementor-top-column elementor-element elementor-element-499e807\" data-id=\"499e807\" data-element_type=\"column\">\n\t\t\t<div class=\"elementor-column-wrap elementor-element-populated\">\n\t\t\t\t\t\t\t<div class=\"elementor-widget-wrap\">\n\t\t\t\t\t\t<div class=\"elementor-element elementor-element-dcef96e elementor-widget elementor-widget-text-editor\" data-id=\"dcef96e\" data-element_type=\"widget\" data-widget_type=\"text-editor.default\">\n\t\t\t\t<div class=\"elementor-widget-container\">\n\t\t\t\t\t\t\t\t<div class=\"elementor-text-editor elementor-clearfix\">\n\t\t\t\t<p>Toutes nos formations sont accessibles aux personnes en situation de handicap.<\/p>\t\t\t\t\t<\/div>\n\t\t\t\t\t\t<\/div>\n\t\t\t\t<\/div>\n\t\t\t\t\t\t<\/div>\n\t\t\t\t\t<\/div>\n\t\t<\/div>\n\t\t\t\t\t\t\t\t<\/div>\n\t\t\t\t\t<\/div>\n\t\t<\/section>\n\t\t\t\t<section class=\"elementor-section elementor-top-section elementor-element elementor-element-fbe9f67 elementor-section-boxed elementor-section-height-default elementor-section-height-default\" data-id=\"fbe9f67\" data-element_type=\"section\">\n\t\t\t\t\t\t<div class=\"elementor-container elementor-column-gap-default\">\n\t\t\t\t\t\t\t<div class=\"elementor-row\">\n\t\t\t\t\t<div class=\"elementor-column elementor-col-100 elementor-top-column elementor-element elementor-element-92d9240\" data-id=\"92d9240\" data-element_type=\"column\">\n\t\t\t<div class=\"elementor-column-wrap elementor-element-populated\">\n\t\t\t\t\t\t\t<div class=\"elementor-widget-wrap\">\n\t\t\t\t\t\t<div class=\"elementor-element elementor-element-798b702 elementor-widget elementor-widget-spacer\" data-id=\"798b702\" data-element_type=\"widget\" data-widget_type=\"spacer.default\">\n\t\t\t\t<div class=\"elementor-widget-container\">\n\t\t\t\t\t<div class=\"elementor-spacer\">\n\t\t\t<div class=\"elementor-spacer-inner\"><\/div>\n\t\t<\/div>\n\t\t\t\t<\/div>\n\t\t\t\t<\/div>\n\t\t\t\t\t\t<\/div>\n\t\t\t\t\t<\/div>\n\t\t<\/div>\n\t\t\t\t\t\t\t\t<\/div>\n\t\t\t\t\t<\/div>\n\t\t<\/section>\n\t\t\t\t\t\t\t\t\t<\/div>\n\t\t\t<\/div>\n\t\t\t\t\t<\/div>\n\t\t","protected":false},"excerpt":{"rendered":"<p>Les Formations<br \/>\nDes formations \u00ab\u00a0all inclusive\u00a0\u00bb<br \/>\nConcr\u00e8tement, les formations d\u2019Astrakhan sont \u00ab all inclusive \u00bb : elles comprennent de la th\u00e9orie, de la pratique mais aussi du questionnement pour la mise en contexte. A la fin de chaque formation, les <\/p>\n","protected":false},"author":15,"featured_media":0,"parent":0,"menu_order":0,"comment_status":"closed","ping_status":"closed","template":"","meta":{"inline_featured_image":false,"pmpro_default_level":0},"acf":[],"_links":{"self":[{"href":"https:\/\/astrakhan.fr\/digitalleadership\/wp-json\/wp\/v2\/pages\/7305"}],"collection":[{"href":"https:\/\/astrakhan.fr\/digitalleadership\/wp-json\/wp\/v2\/pages"}],"about":[{"href":"https:\/\/astrakhan.fr\/digitalleadership\/wp-json\/wp\/v2\/types\/page"}],"author":[{"embeddable":true,"href":"https:\/\/astrakhan.fr\/digitalleadership\/wp-json\/wp\/v2\/users\/15"}],"replies":[{"embeddable":true,"href":"https:\/\/astrakhan.fr\/digitalleadership\/wp-json\/wp\/v2\/comments?post=7305"}],"version-history":[{"count":3,"href":"https:\/\/astrakhan.fr\/digitalleadership\/wp-json\/wp\/v2\/pages\/7305\/revisions"}],"predecessor-version":[{"id":14588,"href":"https:\/\/astrakhan.fr\/digitalleadership\/wp-json\/wp\/v2\/pages\/7305\/revisions\/14588"}],"wp:attachment":[{"href":"https:\/\/astrakhan.fr\/digitalleadership\/wp-json\/wp\/v2\/media?parent=7305"}],"curies":[{"name":"wp","href":"https:\/\/api.w.org\/{rel}","templated":true}]}}