{"id":8773,"date":"2021-02-25T15:59:53","date_gmt":"2021-02-25T14:59:53","guid":{"rendered":"https:\/\/astrakhan.fr\/digitalleadership\/?page_id=8773"},"modified":"2021-03-26T08:58:33","modified_gmt":"2021-03-26T07:58:33","slug":"references-clients","status":"publish","type":"page","link":"https:\/\/astrakhan.fr\/digitalleadership\/a-propos\/references-clients\/","title":{"rendered":"R\u00e9f\u00e9rences Clients"},"content":{"rendered":"\t\t<div data-elementor-type=\"wp-page\" data-elementor-id=\"8773\" class=\"elementor elementor-8773\">\n\t\t\t\t\t\t<div class=\"elementor-inner\">\n\t\t\t\t<div class=\"elementor-section-wrap\">\n\t\t\t\t\t\t\t\t\t<section class=\"elementor-section elementor-top-section elementor-element elementor-element-2d6a107 elementor-section-boxed elementor-section-height-default elementor-section-height-default\" data-id=\"2d6a107\" data-element_type=\"section\">\n\t\t\t\t\t\t<div class=\"elementor-container elementor-column-gap-default\">\n\t\t\t\t\t\t\t<div class=\"elementor-row\">\n\t\t\t\t\t<div class=\"elementor-column elementor-col-100 elementor-top-column elementor-element elementor-element-3c20bc7\" data-id=\"3c20bc7\" data-element_type=\"column\">\n\t\t\t<div class=\"elementor-column-wrap elementor-element-populated\">\n\t\t\t\t\t\t\t<div class=\"elementor-widget-wrap\">\n\t\t\t\t\t\t<div class=\"elementor-element elementor-element-fd567fd elementor-widget elementor-widget-heading\" data-id=\"fd567fd\" data-element_type=\"widget\" data-widget_type=\"heading.default\">\n\t\t\t\t<div class=\"elementor-widget-container\">\n\t\t\t<h1 class=\"elementor-heading-title elementor-size-default\">T\u00e9moignages<\/h1>\t\t<\/div>\n\t\t\t\t<\/div>\n\t\t\t\t<div class=\"elementor-element elementor-element-f127b0a elementor-widget elementor-widget-spacer\" data-id=\"f127b0a\" data-element_type=\"widget\" data-widget_type=\"spacer.default\">\n\t\t\t\t<div class=\"elementor-widget-container\">\n\t\t\t\t\t<div class=\"elementor-spacer\">\n\t\t\t<div class=\"elementor-spacer-inner\"><\/div>\n\t\t<\/div>\n\t\t\t\t<\/div>\n\t\t\t\t<\/div>\n\t\t\t\t\t\t<\/div>\n\t\t\t\t\t<\/div>\n\t\t<\/div>\n\t\t\t\t\t\t\t\t<\/div>\n\t\t\t\t\t<\/div>\n\t\t<\/section>\n\t\t\t\t<section class=\"elementor-section elementor-top-section elementor-element elementor-element-2387936 elementor-section-boxed elementor-section-height-default elementor-section-height-default\" data-id=\"2387936\" data-element_type=\"section\">\n\t\t\t\t\t\t<div class=\"elementor-container elementor-column-gap-default\">\n\t\t\t\t\t\t\t<div class=\"elementor-row\">\n\t\t\t\t\t<div class=\"elementor-column elementor-col-100 elementor-top-column elementor-element elementor-element-fb774b9\" data-id=\"fb774b9\" data-element_type=\"column\">\n\t\t\t<div class=\"elementor-column-wrap elementor-element-populated\">\n\t\t\t\t\t\t\t<div class=\"elementor-widget-wrap\">\n\t\t\t\t\t\t<div class=\"elementor-element elementor-element-74b6815 elementor-widget elementor-widget-testimonial\" data-id=\"74b6815\" data-element_type=\"widget\" data-widget_type=\"testimonial.default\">\n\t\t\t\t<div class=\"elementor-widget-container\">\n\t\t\t\t\t<div class=\"elementor-testimonial-wrapper\">\n\t\t\t\t\t\t\t<div class=\"elementor-testimonial-content\">Comme l'approche Insight\/Agile Management couvre \u00e0 la fois la transformation digitale et les nouvelles m\u00e9thodes de management, elle permet un examen approfondi de la strat\u00e9gie manag\u00e9riale de l'entreprise.\u200b\n<br>\n<br>\n\u200bEtant donn\u00e9 qu'Astrakan est \u00e9galement une entreprise qui applique les principes du management lib\u00e9r\u00e9 et lib\u00e9rateur \u00e0 ses propres activit\u00e9s, elle est d'autant plus en mesure de fournir un process et un savoir-faire v\u00e9ritablement proactifs. La collaboration avec les \u00e9quipes d'Astrakhan a \u00e9t\u00e9 tr\u00e8s instructive.<\/div>\n\t\t\t\n\t\t\t\t\t\t<div class=\"elementor-testimonial-meta elementor-has-image elementor-testimonial-image-position-aside\">\n\t\t\t\t<div class=\"elementor-testimonial-meta-inner\">\n\t\t\t\t\t\t\t\t\t\t\t<div class=\"elementor-testimonial-image\">\n\t\t\t\t\t\t\t<img decoding=\"async\" width=\"1536\" height=\"922\" src=\"https:\/\/astrakhan.fr\/digitalleadership\/wp-content\/uploads\/sites\/6\/2021\/02\/engie-1536x922-1.png\" class=\"attachment-full size-full wp-image-8821\" alt=\"\" loading=\"lazy\" srcset=\"https:\/\/astrakhan.fr\/digitalleadership\/wp-content\/uploads\/sites\/6\/2021\/02\/engie-1536x922-1.png 1536w, https:\/\/astrakhan.fr\/digitalleadership\/wp-content\/uploads\/sites\/6\/2021\/02\/engie-1536x922-1-300x180.png 300w, https:\/\/astrakhan.fr\/digitalleadership\/wp-content\/uploads\/sites\/6\/2021\/02\/engie-1536x922-1-1024x615.png 1024w, https:\/\/astrakhan.fr\/digitalleadership\/wp-content\/uploads\/sites\/6\/2021\/02\/engie-1536x922-1-768x461.png 768w\" sizes=\"(max-width: 1536px) 100vw, 1536px\" \/>\t\t\t\t\t\t<\/div>\n\t\t\t\t\t\n\t\t\t\t\t\t\t\t\t\t<div class=\"elementor-testimonial-details\">\n\t\t\t\t\t\t\t\t\t\t\t\t\t\t<div class=\"elementor-testimonial-name\">Timoth\u00e9e Frydman<\/div>\n\t\t\t\t\t\t\t\t\t\t\t\t\t\t\t\t\t\t\t\t\t\t<div class=\"elementor-testimonial-job\">Responsable de l'Excellence Op\u00e9rationnelle chez Engie Cofely<\/div>\n\t\t\t\t\t\t\t\t\t\t\t\t\t<\/div>\n\t\t\t\t\t\t\t\t\t<\/div>\n\t\t\t<\/div>\n\t\t\t\t\t<\/div>\n\t\t\t\t<\/div>\n\t\t\t\t<\/div>\n\t\t\t\t\t\t<\/div>\n\t\t\t\t\t<\/div>\n\t\t<\/div>\n\t\t\t\t\t\t\t\t<\/div>\n\t\t\t\t\t<\/div>\n\t\t<\/section>\n\t\t\t\t<section class=\"elementor-section elementor-top-section elementor-element elementor-element-6522796 elementor-section-boxed elementor-section-height-default elementor-section-height-default\" data-id=\"6522796\" data-element_type=\"section\">\n\t\t\t\t\t\t<div class=\"elementor-container elementor-column-gap-default\">\n\t\t\t\t\t\t\t<div class=\"elementor-row\">\n\t\t\t\t\t<div class=\"elementor-column elementor-col-100 elementor-top-column elementor-element elementor-element-fab0904\" data-id=\"fab0904\" data-element_type=\"column\">\n\t\t\t<div class=\"elementor-column-wrap elementor-element-populated\">\n\t\t\t\t\t\t\t<div class=\"elementor-widget-wrap\">\n\t\t\t\t\t\t<div class=\"elementor-element elementor-element-b0b65c5 elementor-widget elementor-widget-spacer\" data-id=\"b0b65c5\" data-element_type=\"widget\" data-widget_type=\"spacer.default\">\n\t\t\t\t<div class=\"elementor-widget-container\">\n\t\t\t\t\t<div class=\"elementor-spacer\">\n\t\t\t<div class=\"elementor-spacer-inner\"><\/div>\n\t\t<\/div>\n\t\t\t\t<\/div>\n\t\t\t\t<\/div>\n\t\t\t\t\t\t<\/div>\n\t\t\t\t\t<\/div>\n\t\t<\/div>\n\t\t\t\t\t\t\t\t<\/div>\n\t\t\t\t\t<\/div>\n\t\t<\/section>\n\t\t\t\t<section class=\"elementor-section elementor-top-section elementor-element elementor-element-643ef5a elementor-section-boxed elementor-section-height-default elementor-section-height-default\" data-id=\"643ef5a\" data-element_type=\"section\">\n\t\t\t\t\t\t<div class=\"elementor-container elementor-column-gap-default\">\n\t\t\t\t\t\t\t<div class=\"elementor-row\">\n\t\t\t\t\t<div class=\"elementor-column elementor-col-100 elementor-top-column elementor-element elementor-element-4dc1db9\" data-id=\"4dc1db9\" data-element_type=\"column\">\n\t\t\t<div class=\"elementor-column-wrap elementor-element-populated\">\n\t\t\t\t\t\t\t<div class=\"elementor-widget-wrap\">\n\t\t\t\t\t\t<div class=\"elementor-element elementor-element-b7145d3 elementor-widget elementor-widget-testimonial\" data-id=\"b7145d3\" data-element_type=\"widget\" data-widget_type=\"testimonial.default\">\n\t\t\t\t<div class=\"elementor-widget-container\">\n\t\t\t\t\t<div class=\"elementor-testimonial-wrapper\">\n\t\t\t\t\t\t\t<div class=\"elementor-testimonial-content\">Avant la formation, j'\u00e9tais capable : \u201cd'utiliser un tableau Kanban\u201d, apr\u00e8s la formation, je suis capable \u201cd'optimiser un tableau Kanban en utilisant des organigrammes\u201d.\u200b\n<br>\n<br>\nAvant la formation, j'\u00e9tais capable : \u201cd'\u00e9crire des user- stories et d'avoir une vue d'ensemble des m\u00e9thodes agiles\u201d, apr\u00e8s la formation, je suis capable : \u201cde mieux prioriser certains besoins et en abandonner d'autres\u201d.\u200b<br>\n<br>\nAvant la formation, j'\u00e9tais capable de : \u201ctravailler de mani\u00e8re agile en utilisant une m\u00e9thode en V\u201d, apr\u00e8s la formation, je suis d\u00e9sormais capable de : \u201dmettre en place des m\u00e9thodes agiles en y ajoutant une dose d'\u00e9nergie\u201d\u200b.<\/div>\n\t\t\t\n\t\t\t\t\t\t<div class=\"elementor-testimonial-meta elementor-has-image elementor-testimonial-image-position-aside\">\n\t\t\t\t<div class=\"elementor-testimonial-meta-inner\">\n\t\t\t\t\t\t\t\t\t\t\t<div class=\"elementor-testimonial-image\">\n\t\t\t\t\t\t\t<img decoding=\"async\" width=\"600\" height=\"600\" src=\"https:\/\/astrakhan.fr\/digitalleadership\/wp-content\/uploads\/sites\/6\/2021\/02\/SFR_logo_2014.png\" class=\"attachment-full size-full wp-image-8822\" alt=\"\" loading=\"lazy\" srcset=\"https:\/\/astrakhan.fr\/digitalleadership\/wp-content\/uploads\/sites\/6\/2021\/02\/SFR_logo_2014.png 600w, https:\/\/astrakhan.fr\/digitalleadership\/wp-content\/uploads\/sites\/6\/2021\/02\/SFR_logo_2014-300x300.png 300w, https:\/\/astrakhan.fr\/digitalleadership\/wp-content\/uploads\/sites\/6\/2021\/02\/SFR_logo_2014-150x150.png 150w\" sizes=\"(max-width: 600px) 100vw, 600px\" \/>\t\t\t\t\t\t<\/div>\n\t\t\t\t\t\n\t\t\t\t\t\t\t\t\t\t<div class=\"elementor-testimonial-details\">\n\t\t\t\t\t\t\t\t\t\t\t\t\t\t<div class=\"elementor-testimonial-name\">Eric Alvors<\/div>\n\t\t\t\t\t\t\t\t\t\t\t\t\t\t\t\t\t\t\t\t\t\t<div class=\"elementor-testimonial-job\">Responsable Formation \u2013 <br>D\u00e9partement Formation et Ressources Humaines chez SFR<\/div>\n\t\t\t\t\t\t\t\t\t\t\t\t\t<\/div>\n\t\t\t\t\t\t\t\t\t<\/div>\n\t\t\t<\/div>\n\t\t\t\t\t<\/div>\n\t\t\t\t<\/div>\n\t\t\t\t<\/div>\n\t\t\t\t\t\t<\/div>\n\t\t\t\t\t<\/div>\n\t\t<\/div>\n\t\t\t\t\t\t\t\t<\/div>\n\t\t\t\t\t<\/div>\n\t\t<\/section>\n\t\t\t\t<section class=\"elementor-section elementor-top-section elementor-element elementor-element-331caea elementor-section-boxed elementor-section-height-default elementor-section-height-default\" data-id=\"331caea\" data-element_type=\"section\">\n\t\t\t\t\t\t<div class=\"elementor-container elementor-column-gap-default\">\n\t\t\t\t\t\t\t<div class=\"elementor-row\">\n\t\t\t\t\t<div class=\"elementor-column elementor-col-100 elementor-top-column elementor-element elementor-element-0baaa43\" data-id=\"0baaa43\" data-element_type=\"column\">\n\t\t\t<div class=\"elementor-column-wrap elementor-element-populated\">\n\t\t\t\t\t\t\t<div class=\"elementor-widget-wrap\">\n\t\t\t\t\t\t<div class=\"elementor-element elementor-element-bdc13d0 elementor-widget elementor-widget-spacer\" data-id=\"bdc13d0\" data-element_type=\"widget\" data-widget_type=\"spacer.default\">\n\t\t\t\t<div class=\"elementor-widget-container\">\n\t\t\t\t\t<div class=\"elementor-spacer\">\n\t\t\t<div class=\"elementor-spacer-inner\"><\/div>\n\t\t<\/div>\n\t\t\t\t<\/div>\n\t\t\t\t<\/div>\n\t\t\t\t\t\t<\/div>\n\t\t\t\t\t<\/div>\n\t\t<\/div>\n\t\t\t\t\t\t\t\t<\/div>\n\t\t\t\t\t<\/div>\n\t\t<\/section>\n\t\t\t\t<section class=\"elementor-section elementor-top-section elementor-element elementor-element-394f689 elementor-section-boxed elementor-section-height-default elementor-section-height-default\" data-id=\"394f689\" data-element_type=\"section\">\n\t\t\t\t\t\t<div class=\"elementor-container elementor-column-gap-default\">\n\t\t\t\t\t\t\t<div class=\"elementor-row\">\n\t\t\t\t\t<div class=\"elementor-column elementor-col-100 elementor-top-column elementor-element elementor-element-5997b71\" data-id=\"5997b71\" data-element_type=\"column\">\n\t\t\t<div class=\"elementor-column-wrap elementor-element-populated\">\n\t\t\t\t\t\t\t<div class=\"elementor-widget-wrap\">\n\t\t\t\t\t\t<div class=\"elementor-element elementor-element-2495c08 elementor-widget elementor-widget-testimonial\" data-id=\"2495c08\" data-element_type=\"widget\" data-widget_type=\"testimonial.default\">\n\t\t\t\t<div class=\"elementor-widget-container\">\n\t\t\t\t\t<div class=\"elementor-testimonial-wrapper\">\n\t\t\t\t\t\t\t<div class=\"elementor-testimonial-content\">Nous avons sollicit\u00e9 Astrakhan pour former des collaborateurs data &amp; m\u00e9tier au design thinking data afin de mieux cadrer les use cases.\n<br>\n<br>\nLa formation a \u00e9t\u00e9 donn\u00e9e en mixant des \u00e9tapes th\u00e9oriques et pratiques afin de rendre interactives et concr\u00e8tes les s\u00e9quences.\n<br>\n<br>\nNous avons pu mettre en place des ateliers de design thinking suite \u00e0 la formation en toute autonomie gr\u00e2ce \u00e0 l'apprentissage lors de la session de formation ainsi qu'\u00e0 la bo\u00eete \u00e0 outil mise \u00e0 disposition.\n<br>\n<br>\nCes ateliers ont \u00e9galement permis de sensibiliser les participants \u00e0 l'importance de la data, sa qualit\u00e9 et l'importance de la consid\u00e9rer d\u00e8s la conception des produits.<\/div>\n\t\t\t\n\t\t\t\t\t\t<div class=\"elementor-testimonial-meta elementor-has-image elementor-testimonial-image-position-aside\">\n\t\t\t\t<div class=\"elementor-testimonial-meta-inner\">\n\t\t\t\t\t\t\t\t\t\t\t<div class=\"elementor-testimonial-image\">\n\t\t\t\t\t\t\t<img decoding=\"async\" width=\"400\" height=\"400\" src=\"https:\/\/astrakhan.fr\/digitalleadership\/wp-content\/uploads\/sites\/6\/2021\/03\/Decathlon-1.jpg\" class=\"attachment-full size-full wp-image-12800\" alt=\"\" loading=\"lazy\" srcset=\"https:\/\/astrakhan.fr\/digitalleadership\/wp-content\/uploads\/sites\/6\/2021\/03\/Decathlon-1.jpg 400w, https:\/\/astrakhan.fr\/digitalleadership\/wp-content\/uploads\/sites\/6\/2021\/03\/Decathlon-1-300x300.jpg 300w, https:\/\/astrakhan.fr\/digitalleadership\/wp-content\/uploads\/sites\/6\/2021\/03\/Decathlon-1-150x150.jpg 150w\" sizes=\"(max-width: 400px) 100vw, 400px\" \/>\t\t\t\t\t\t<\/div>\n\t\t\t\t\t\n\t\t\t\t\t\t\t\t\t\t<div class=\"elementor-testimonial-details\">\n\t\t\t\t\t\t\t\t\t\t\t\t\t\t<div class=\"elementor-testimonial-name\">Sebastien Staes<\/div>\n\t\t\t\t\t\t\t\t\t\t\t\t\t\t\t\t\t\t\t\t\t\t<div class=\"elementor-testimonial-job\">PMO Data<\/div>\n\t\t\t\t\t\t\t\t\t\t\t\t\t<\/div>\n\t\t\t\t\t\t\t\t\t<\/div>\n\t\t\t<\/div>\n\t\t\t\t\t<\/div>\n\t\t\t\t<\/div>\n\t\t\t\t<\/div>\n\t\t\t\t\t\t<\/div>\n\t\t\t\t\t<\/div>\n\t\t<\/div>\n\t\t\t\t\t\t\t\t<\/div>\n\t\t\t\t\t<\/div>\n\t\t<\/section>\n\t\t\t\t<section class=\"elementor-section elementor-top-section elementor-element elementor-element-8b056d0 elementor-section-boxed elementor-section-height-default elementor-section-height-default\" data-id=\"8b056d0\" data-element_type=\"section\">\n\t\t\t\t\t\t<div class=\"elementor-container elementor-column-gap-default\">\n\t\t\t\t\t\t\t<div class=\"elementor-row\">\n\t\t\t\t\t<div class=\"elementor-column elementor-col-100 elementor-top-column elementor-element elementor-element-62bc0b4\" data-id=\"62bc0b4\" data-element_type=\"column\">\n\t\t\t<div class=\"elementor-column-wrap elementor-element-populated\">\n\t\t\t\t\t\t\t<div class=\"elementor-widget-wrap\">\n\t\t\t\t\t\t<div class=\"elementor-element elementor-element-fa5dee2 elementor-widget elementor-widget-spacer\" data-id=\"fa5dee2\" data-element_type=\"widget\" data-widget_type=\"spacer.default\">\n\t\t\t\t<div class=\"elementor-widget-container\">\n\t\t\t\t\t<div class=\"elementor-spacer\">\n\t\t\t<div class=\"elementor-spacer-inner\"><\/div>\n\t\t<\/div>\n\t\t\t\t<\/div>\n\t\t\t\t<\/div>\n\t\t\t\t\t\t<\/div>\n\t\t\t\t\t<\/div>\n\t\t<\/div>\n\t\t\t\t\t\t\t\t<\/div>\n\t\t\t\t\t<\/div>\n\t\t<\/section>\n\t\t\t\t<section class=\"elementor-section elementor-top-section elementor-element elementor-element-4ec82fd elementor-section-boxed elementor-section-height-default elementor-section-height-default\" data-id=\"4ec82fd\" data-element_type=\"section\">\n\t\t\t\t\t\t<div class=\"elementor-container elementor-column-gap-default\">\n\t\t\t\t\t\t\t<div class=\"elementor-row\">\n\t\t\t\t\t<div class=\"elementor-column elementor-col-100 elementor-top-column elementor-element elementor-element-c901d44\" data-id=\"c901d44\" data-element_type=\"column\">\n\t\t\t<div class=\"elementor-column-wrap elementor-element-populated\">\n\t\t\t\t\t\t\t<div class=\"elementor-widget-wrap\">\n\t\t\t\t\t\t<div class=\"elementor-element elementor-element-664dcdc elementor-widget elementor-widget-testimonial\" data-id=\"664dcdc\" data-element_type=\"widget\" data-widget_type=\"testimonial.default\">\n\t\t\t\t<div class=\"elementor-widget-container\">\n\t\t\t\t\t<div class=\"elementor-testimonial-wrapper\">\n\t\t\t\t\t\t\t<div class=\"elementor-testimonial-content\">L'utilisation de la m\u00e9thode de Design Thinking sur les probl\u00e9matiques de Data : Cr\u00e9ation de valeur, Innovation, transformation des processus et business mod\u00e8le gr\u00e2ce \u00e0 la Data...\n<br>\n<br>\nLa m\u00e9thode a rencontr\u00e9 un franc succ\u00e8s, elle est utilis\u00e9 maintenant syst\u00e9matiquement. Par ailleurs elle nous a permis de changer les comportements des m\u00e9tiers vis-\u00e0-vis de la Data Unit.<\/div>\n\t\t\t\n\t\t\t\t\t\t<div class=\"elementor-testimonial-meta elementor-has-image elementor-testimonial-image-position-aside\">\n\t\t\t\t<div class=\"elementor-testimonial-meta-inner\">\n\t\t\t\t\t\t\t\t\t\t\t<div class=\"elementor-testimonial-image\">\n\t\t\t\t\t\t\t<img decoding=\"async\" width=\"400\" height=\"400\" src=\"https:\/\/astrakhan.fr\/digitalleadership\/wp-content\/uploads\/sites\/6\/2021\/03\/Decathlon-1.jpg\" class=\"attachment-full size-full wp-image-12800\" alt=\"\" loading=\"lazy\" srcset=\"https:\/\/astrakhan.fr\/digitalleadership\/wp-content\/uploads\/sites\/6\/2021\/03\/Decathlon-1.jpg 400w, https:\/\/astrakhan.fr\/digitalleadership\/wp-content\/uploads\/sites\/6\/2021\/03\/Decathlon-1-300x300.jpg 300w, https:\/\/astrakhan.fr\/digitalleadership\/wp-content\/uploads\/sites\/6\/2021\/03\/Decathlon-1-150x150.jpg 150w\" sizes=\"(max-width: 400px) 100vw, 400px\" \/>\t\t\t\t\t\t<\/div>\n\t\t\t\t\t\n\t\t\t\t\t\t\t\t\t\t<div class=\"elementor-testimonial-details\">\n\t\t\t\t\t\t\t\t\t\t\t\t\t\t<div class=\"elementor-testimonial-name\">Didier Mamma<\/div>\n\t\t\t\t\t\t\t\t\t\t\t\t\t\t\t\t\t\t\t\t\t\t<div class=\"elementor-testimonial-job\">Vice Pr\u00e9sident Data Value Creation<\/div>\n\t\t\t\t\t\t\t\t\t\t\t\t\t<\/div>\n\t\t\t\t\t\t\t\t\t<\/div>\n\t\t\t<\/div>\n\t\t\t\t\t<\/div>\n\t\t\t\t<\/div>\n\t\t\t\t<\/div>\n\t\t\t\t\t\t<\/div>\n\t\t\t\t\t<\/div>\n\t\t<\/div>\n\t\t\t\t\t\t\t\t<\/div>\n\t\t\t\t\t<\/div>\n\t\t<\/section>\n\t\t\t\t\t\t\t\t\t<\/div>\n\t\t\t<\/div>\n\t\t\t\t\t<\/div>\n\t\t","protected":false},"excerpt":{"rendered":"<p>T\u00e9moignages<br \/>\n\t\t\t\t\t\t\tComme l&#8217;approche Insight\/Agile Management couvre \u00e0 la fois la transformation digitale et les nouvelles m\u00e9thodes de management, elle permet un examen approfondi de la strat\u00e9gie manag\u00e9riale de l&#8217;entreprise.\u200b<br \/>\n\u200bEtant donn\u00e9 qu&#8217;Astrakan est \u00e9galement une entreprise qui applique les principes <\/p>\n","protected":false},"author":15,"featured_media":0,"parent":5644,"menu_order":0,"comment_status":"closed","ping_status":"closed","template":"","meta":{"inline_featured_image":false,"pmpro_default_level":0},"acf":[],"_links":{"self":[{"href":"https:\/\/astrakhan.fr\/digitalleadership\/wp-json\/wp\/v2\/pages\/8773"}],"collection":[{"href":"https:\/\/astrakhan.fr\/digitalleadership\/wp-json\/wp\/v2\/pages"}],"about":[{"href":"https:\/\/astrakhan.fr\/digitalleadership\/wp-json\/wp\/v2\/types\/page"}],"author":[{"embeddable":true,"href":"https:\/\/astrakhan.fr\/digitalleadership\/wp-json\/wp\/v2\/users\/15"}],"replies":[{"embeddable":true,"href":"https:\/\/astrakhan.fr\/digitalleadership\/wp-json\/wp\/v2\/comments?post=8773"}],"version-history":[{"count":3,"href":"https:\/\/astrakhan.fr\/digitalleadership\/wp-json\/wp\/v2\/pages\/8773\/revisions"}],"predecessor-version":[{"id":12809,"href":"https:\/\/astrakhan.fr\/digitalleadership\/wp-json\/wp\/v2\/pages\/8773\/revisions\/12809"}],"up":[{"embeddable":true,"href":"https:\/\/astrakhan.fr\/digitalleadership\/wp-json\/wp\/v2\/pages\/5644"}],"wp:attachment":[{"href":"https:\/\/astrakhan.fr\/digitalleadership\/wp-json\/wp\/v2\/media?parent=8773"}],"curies":[{"name":"wp","href":"https:\/\/api.w.org\/{rel}","templated":true}]}}