{"id":9376,"date":"2021-03-02T15:05:39","date_gmt":"2021-03-02T14:05:39","guid":{"rendered":"https:\/\/astrakhan.fr\/digitalleadership\/?page_id=9376"},"modified":"2021-03-30T11:50:55","modified_gmt":"2021-03-30T09:50:55","slug":"management-visuel-digital-workplaces","status":"publish","type":"page","link":"https:\/\/astrakhan.fr\/digitalleadership\/ateliers\/management-et-agilite\/management-visuel-digital-workplaces\/","title":{"rendered":"Management Visuel &amp; Digital Workplaces"},"content":{"rendered":"\t\t<div data-elementor-type=\"wp-page\" data-elementor-id=\"9376\" class=\"elementor elementor-9376\">\n\t\t\t\t\t\t<div class=\"elementor-inner\">\n\t\t\t\t<div class=\"elementor-section-wrap\">\n\t\t\t\t\t\t\t\t\t<section class=\"elementor-section elementor-top-section elementor-element elementor-element-249c4574 elementor-section-boxed elementor-section-height-default elementor-section-height-default\" data-id=\"249c4574\" data-element_type=\"section\">\n\t\t\t\t\t\t<div class=\"elementor-container elementor-column-gap-default\">\n\t\t\t\t\t\t\t<div class=\"elementor-row\">\n\t\t\t\t\t<div class=\"elementor-column elementor-col-100 elementor-top-column elementor-element elementor-element-4b22dd40\" data-id=\"4b22dd40\" data-element_type=\"column\">\n\t\t\t<div class=\"elementor-column-wrap elementor-element-populated\">\n\t\t\t\t\t\t\t<div class=\"elementor-widget-wrap\">\n\t\t\t\t\t\t<div class=\"elementor-element elementor-element-33a93fe1 elementor-widget elementor-widget-heading\" data-id=\"33a93fe1\" data-element_type=\"widget\" data-widget_type=\"heading.default\">\n\t\t\t\t<div class=\"elementor-widget-container\">\n\t\t\t<h1 class=\"elementor-heading-title elementor-size-default\">Management &amp; Agilit\u00e9<\/h1>\t\t<\/div>\n\t\t\t\t<\/div>\n\t\t\t\t\t\t<\/div>\n\t\t\t\t\t<\/div>\n\t\t<\/div>\n\t\t\t\t\t\t\t\t<\/div>\n\t\t\t\t\t<\/div>\n\t\t<\/section>\n\t\t\t\t<section class=\"elementor-section elementor-top-section elementor-element elementor-element-40d8acda elementor-section-boxed elementor-section-height-default elementor-section-height-default\" data-id=\"40d8acda\" data-element_type=\"section\">\n\t\t\t\t\t\t<div class=\"elementor-container elementor-column-gap-default\">\n\t\t\t\t\t\t\t<div class=\"elementor-row\">\n\t\t\t\t\t<div class=\"elementor-column elementor-col-100 elementor-top-column elementor-element elementor-element-23b63912\" data-id=\"23b63912\" data-element_type=\"column\">\n\t\t\t<div class=\"elementor-column-wrap elementor-element-populated\">\n\t\t\t\t\t\t\t<div class=\"elementor-widget-wrap\">\n\t\t\t\t\t\t<div class=\"elementor-element elementor-element-398e2960 elementor-widget elementor-widget-heading\" data-id=\"398e2960\" data-element_type=\"widget\" data-widget_type=\"heading.default\">\n\t\t\t\t<div class=\"elementor-widget-container\">\n\t\t\t<h2 class=\"elementor-heading-title elementor-size-default\">Management Visuel &amp; Digital Workplaces<\/h2>\t\t<\/div>\n\t\t\t\t<\/div>\n\t\t\t\t\t\t<\/div>\n\t\t\t\t\t<\/div>\n\t\t<\/div>\n\t\t\t\t\t\t\t\t<\/div>\n\t\t\t\t\t<\/div>\n\t\t<\/section>\n\t\t\t\t<section class=\"elementor-section elementor-top-section elementor-element elementor-element-5cad911e elementor-section-boxed elementor-section-height-default elementor-section-height-default\" data-id=\"5cad911e\" data-element_type=\"section\">\n\t\t\t\t\t\t<div class=\"elementor-container elementor-column-gap-default\">\n\t\t\t\t\t\t\t<div class=\"elementor-row\">\n\t\t\t\t\t<div class=\"elementor-column elementor-col-100 elementor-top-column elementor-element elementor-element-58bffed6\" data-id=\"58bffed6\" data-element_type=\"column\">\n\t\t\t<div class=\"elementor-column-wrap elementor-element-populated\">\n\t\t\t\t\t\t\t<div class=\"elementor-widget-wrap\">\n\t\t\t\t\t\t<div class=\"elementor-element elementor-element-ea4474d elementor-widget elementor-widget-image\" data-id=\"ea4474d\" data-element_type=\"widget\" data-widget_type=\"image.default\">\n\t\t\t\t<div class=\"elementor-widget-container\">\n\t\t\t\t\t\t\t\t<div class=\"elementor-image\">\n\t\t\t\t\t\t\t\t\t\t\t\t<img decoding=\"async\" src=\"https:\/\/astrakhan.fr\/digitalleadership\/wp-content\/uploads\/sites\/6\/elementor\/thumbs\/management-visuel-p3ribftbjllrvljlhlu96dcxut8qa2yv9bbx6x0lv0.jpg\" title=\"Management Visuel\" alt=\"Management Visuel\" loading=\"lazy\" \/>\t\t\t\t\t\t\t\t\t\t\t\t\t\t<\/div>\n\t\t\t\t\t\t<\/div>\n\t\t\t\t<\/div>\n\t\t\t\t<div class=\"elementor-element elementor-element-8ffe5eb elementor-widget elementor-widget-text-editor\" data-id=\"8ffe5eb\" data-element_type=\"widget\" data-widget_type=\"text-editor.default\">\n\t\t\t\t<div class=\"elementor-widget-container\">\n\t\t\t\t\t\t\t\t<div class=\"elementor-text-editor elementor-clearfix\">\n\t\t\t\t\t\t\t\t\t<\/div>\n\t\t\t\t\t\t<\/div>\n\t\t\t\t<\/div>\n\t\t\t\t\t\t<\/div>\n\t\t\t\t\t<\/div>\n\t\t<\/div>\n\t\t\t\t\t\t\t\t<\/div>\n\t\t\t\t\t<\/div>\n\t\t<\/section>\n\t\t\t\t<section class=\"elementor-section elementor-top-section elementor-element elementor-element-5488179d elementor-section-boxed elementor-section-height-default elementor-section-height-default\" data-id=\"5488179d\" data-element_type=\"section\">\n\t\t\t\t\t\t<div class=\"elementor-container elementor-column-gap-default\">\n\t\t\t\t\t\t\t<div class=\"elementor-row\">\n\t\t\t\t\t<div class=\"elementor-column elementor-col-100 elementor-top-column elementor-element elementor-element-576e6ff0\" data-id=\"576e6ff0\" data-element_type=\"column\">\n\t\t\t<div class=\"elementor-column-wrap elementor-element-populated\">\n\t\t\t\t\t\t\t<div class=\"elementor-widget-wrap\">\n\t\t\t\t\t\t<div class=\"elementor-element elementor-element-3141c850 elementor-widget elementor-widget-text-editor\" data-id=\"3141c850\" data-element_type=\"widget\" data-widget_type=\"text-editor.default\">\n\t\t\t\t<div class=\"elementor-widget-container\">\n\t\t\t\t\t\t\t\t<div class=\"elementor-text-editor elementor-clearfix\">\n\t\t\t\t<p>La gestion visuelle est absolument essentielle pour cr\u00e9er un syst\u00e8me de gestion dynamique o\u00f9 l\u2019information circule facilement et o\u00f9 les employ\u00e9s adoptent un mod\u00e8le d\u2019am\u00e9lioration continue. Nous passerons en revue les travaux de David Sibbet et Jurgen Appelo , qui ont livr\u00e9 plusieurs mod\u00e8les de gestion visuelle en fonction de ce que vous voulez construire. Les sessions 2 et 3 seront consacr\u00e9es \u00e0 l\u2019utilisation des outils num\u00e9riques iObeya et Miro pour recr\u00e9er les cartes physiques construites lors de la premi\u00e8re session. La session 4 montrera les diff\u00e9rents types d\u2019appareils qui peuvent \u00eatre utilis\u00e9s pour num\u00e9riser un environnement de gestion visuelle.<\/p>\t\t\t\t\t<\/div>\n\t\t\t\t\t\t<\/div>\n\t\t\t\t<\/div>\n\t\t\t\t<div class=\"elementor-element elementor-element-31c65af2 elementor-widget elementor-widget-spacer\" data-id=\"31c65af2\" data-element_type=\"widget\" data-widget_type=\"spacer.default\">\n\t\t\t\t<div class=\"elementor-widget-container\">\n\t\t\t\t\t<div class=\"elementor-spacer\">\n\t\t\t<div class=\"elementor-spacer-inner\"><\/div>\n\t\t<\/div>\n\t\t\t\t<\/div>\n\t\t\t\t<\/div>\n\t\t\t\t\t\t<\/div>\n\t\t\t\t\t<\/div>\n\t\t<\/div>\n\t\t\t\t\t\t\t\t<\/div>\n\t\t\t\t\t<\/div>\n\t\t<\/section>\n\t\t\t\t<section class=\"elementor-section elementor-top-section elementor-element elementor-element-4c29e6bc elementor-section-boxed elementor-section-height-default elementor-section-height-default\" data-id=\"4c29e6bc\" data-element_type=\"section\" data-settings=\"{&quot;background_background&quot;:&quot;classic&quot;}\">\n\t\t\t\t\t\t<div class=\"elementor-container elementor-column-gap-default\">\n\t\t\t\t\t\t\t<div class=\"elementor-row\">\n\t\t\t\t\t<div class=\"elementor-column elementor-col-100 elementor-top-column elementor-element elementor-element-45491cc3\" data-id=\"45491cc3\" data-element_type=\"column\" data-settings=\"{&quot;background_background&quot;:&quot;classic&quot;}\">\n\t\t\t<div class=\"elementor-column-wrap elementor-element-populated\">\n\t\t\t\t\t\t\t<div class=\"elementor-widget-wrap\">\n\t\t\t\t\t\t<div class=\"elementor-element elementor-element-2b3e1579 elementor-widget elementor-widget-heading\" data-id=\"2b3e1579\" data-element_type=\"widget\" data-widget_type=\"heading.default\">\n\t\t\t\t<div class=\"elementor-widget-container\">\n\t\t\t<h2 class=\"elementor-heading-title elementor-size-default\">NOS ATELIERS DISPONIBLES<\/h2>\t\t<\/div>\n\t\t\t\t<\/div>\n\t\t\t\t<div class=\"elementor-element elementor-element-4456cac9 elementor-widget elementor-widget-text-editor\" data-id=\"4456cac9\" data-element_type=\"widget\" data-widget_type=\"text-editor.default\">\n\t\t\t\t<div class=\"elementor-widget-container\">\n\t\t\t\t\t\t\t\t<div class=\"elementor-text-editor elementor-clearfix\">\n\t\t\t\t<p><strong>a. Comment cr\u00e9er du contenu via des tableaux visuels <\/strong><strong>et organiser une salle de Visual Management (2 sessions) (2xHD)<\/strong><br \/><strong>b. Comment travailler avec iObeya (Digital Visual Management) (HD)<\/strong><br \/><strong>c. Comment travailler avec Miro (Digital Design Thinking) (2xHD)<\/strong><br \/><strong>d. Panorama Digital Workplace (2HRS)<\/strong><\/p>\t\t\t\t\t<\/div>\n\t\t\t\t\t\t<\/div>\n\t\t\t\t<\/div>\n\t\t\t\t\t\t<\/div>\n\t\t\t\t\t<\/div>\n\t\t<\/div>\n\t\t\t\t\t\t\t\t<\/div>\n\t\t\t\t\t<\/div>\n\t\t<\/section>\n\t\t\t\t<section class=\"elementor-section elementor-top-section elementor-element elementor-element-6401752e elementor-section-boxed elementor-section-height-default elementor-section-height-default\" data-id=\"6401752e\" data-element_type=\"section\">\n\t\t\t\t\t\t<div class=\"elementor-container elementor-column-gap-default\">\n\t\t\t\t\t\t\t<div class=\"elementor-row\">\n\t\t\t\t\t<div class=\"elementor-column elementor-col-100 elementor-top-column elementor-element elementor-element-7a8bca1b\" data-id=\"7a8bca1b\" data-element_type=\"column\">\n\t\t\t<div class=\"elementor-column-wrap elementor-element-populated\">\n\t\t\t\t\t\t\t<div class=\"elementor-widget-wrap\">\n\t\t\t\t\t\t<div class=\"elementor-element elementor-element-cd5cd63 elementor-widget elementor-widget-spacer\" data-id=\"cd5cd63\" data-element_type=\"widget\" data-widget_type=\"spacer.default\">\n\t\t\t\t<div class=\"elementor-widget-container\">\n\t\t\t\t\t<div class=\"elementor-spacer\">\n\t\t\t<div class=\"elementor-spacer-inner\"><\/div>\n\t\t<\/div>\n\t\t\t\t<\/div>\n\t\t\t\t<\/div>\n\t\t\t\t\t\t<\/div>\n\t\t\t\t\t<\/div>\n\t\t<\/div>\n\t\t\t\t\t\t\t\t<\/div>\n\t\t\t\t\t<\/div>\n\t\t<\/section>\n\t\t\t\t<section class=\"elementor-section elementor-top-section elementor-element elementor-element-3e4b6196 elementor-section-boxed elementor-section-height-default elementor-section-height-default\" data-id=\"3e4b6196\" data-element_type=\"section\">\n\t\t\t\t\t\t<div class=\"elementor-container elementor-column-gap-default\">\n\t\t\t\t\t\t\t<div class=\"elementor-row\">\n\t\t\t\t\t<div class=\"elementor-column elementor-col-100 elementor-top-column elementor-element elementor-element-7ccddea7\" data-id=\"7ccddea7\" data-element_type=\"column\">\n\t\t\t<div class=\"elementor-column-wrap elementor-element-populated\">\n\t\t\t\t\t\t\t<div class=\"elementor-widget-wrap\">\n\t\t\t\t\t\t<div class=\"elementor-element elementor-element-6907db06 elementor-widget elementor-widget-text-editor\" data-id=\"6907db06\" data-element_type=\"widget\" data-widget_type=\"text-editor.default\">\n\t\t\t\t<div class=\"elementor-widget-container\">\n\t\t\t\t\t\t\t\t<div class=\"elementor-text-editor elementor-clearfix\">\n\t\t\t\t<p>Comment cr\u00e9er un environnement de gestion visuelle :<\/p><ul><li>Physiquement, avec des planches et des post its.<\/li><li>Num\u00e9riquement, en utilisant iObeya et Miro.<\/li><\/ul><p>La session 1 d\u00e9crit le type d\u2019environnement recommand\u00e9 pour :<\/p><ul><li>Ateliers de Design Thinking.<\/li><li>Projet Scrum.<\/li><\/ul><p>Ces s\u00e9ries d\u2019ateliers permettront aux \u00e9quipes de savoir :<\/p><ul><li>Les principes et les approches de Visual Management.<\/li><li>Comment d\u00e9velopper des comp\u00e9tences pour r\u00e9soudre les probl\u00e8mes.<\/li><li>Mettre en oeuvre des am\u00e9liorations dans le travail quotidien, li\u00e9es aux objectifs commerciaux.<\/li><li>Comprendre et partager les enjeux des autres.<\/li><li>Comment transf\u00e9rer ces techniques au reste de l\u2019organisation.<\/li><li>Quels outils les \u00e9quipes peuvent utiliser parall\u00e8lement aux tableaux de conf\u00e9rence traditionnels et des notes post\u00e9rieures pour tirer parti de la gestion visuelle \u00e0 un niveau num\u00e9rique sup\u00e9rieur.<\/li><\/ul>\t\t\t\t\t<\/div>\n\t\t\t\t\t\t<\/div>\n\t\t\t\t<\/div>\n\t\t\t\t\t\t<\/div>\n\t\t\t\t\t<\/div>\n\t\t<\/div>\n\t\t\t\t\t\t\t\t<\/div>\n\t\t\t\t\t<\/div>\n\t\t<\/section>\n\t\t\t\t<section class=\"elementor-section elementor-top-section elementor-element elementor-element-2abb5a0f elementor-section-boxed elementor-section-height-default elementor-section-height-default\" data-id=\"2abb5a0f\" data-element_type=\"section\">\n\t\t\t\t\t\t<div class=\"elementor-container elementor-column-gap-default\">\n\t\t\t\t\t\t\t<div class=\"elementor-row\">\n\t\t\t\t\t<div class=\"elementor-column elementor-col-100 elementor-top-column elementor-element elementor-element-2b349b1a\" data-id=\"2b349b1a\" data-element_type=\"column\">\n\t\t\t<div class=\"elementor-column-wrap elementor-element-populated\">\n\t\t\t\t\t\t\t<div class=\"elementor-widget-wrap\">\n\t\t\t\t\t\t<div class=\"elementor-element elementor-element-1155ab52 elementor-widget elementor-widget-spacer\" data-id=\"1155ab52\" data-element_type=\"widget\" data-widget_type=\"spacer.default\">\n\t\t\t\t<div class=\"elementor-widget-container\">\n\t\t\t\t\t<div class=\"elementor-spacer\">\n\t\t\t<div class=\"elementor-spacer-inner\"><\/div>\n\t\t<\/div>\n\t\t\t\t<\/div>\n\t\t\t\t<\/div>\n\t\t\t\t\t\t<\/div>\n\t\t\t\t\t<\/div>\n\t\t<\/div>\n\t\t\t\t\t\t\t\t<\/div>\n\t\t\t\t\t<\/div>\n\t\t<\/section>\n\t\t\t\t<section class=\"elementor-section elementor-top-section elementor-element elementor-element-73bde532 elementor-section-boxed elementor-section-height-default elementor-section-height-default\" data-id=\"73bde532\" data-element_type=\"section\">\n\t\t\t\t\t\t<div class=\"elementor-container elementor-column-gap-default\">\n\t\t\t\t\t\t\t<div class=\"elementor-row\">\n\t\t\t\t\t<div class=\"elementor-column elementor-col-100 elementor-top-column elementor-element elementor-element-9d93ef9\" data-id=\"9d93ef9\" data-element_type=\"column\">\n\t\t\t<div class=\"elementor-column-wrap elementor-element-populated\">\n\t\t\t\t\t\t\t<div class=\"elementor-widget-wrap\">\n\t\t\t\t\t\t<div class=\"elementor-element elementor-element-10ef0e6b elementor-widget elementor-widget-heading\" data-id=\"10ef0e6b\" data-element_type=\"widget\" data-widget_type=\"heading.default\">\n\t\t\t\t<div class=\"elementor-widget-container\">\n\t\t\t<h2 class=\"elementor-heading-title elementor-size-default\">Veuillez noter qu'Astrakhan propose des ateliers sur de nouveaux sujets \u00e0 la demande !<\/h2>\t\t<\/div>\n\t\t\t\t<\/div>\n\t\t\t\t\t\t<\/div>\n\t\t\t\t\t<\/div>\n\t\t<\/div>\n\t\t\t\t\t\t\t\t<\/div>\n\t\t\t\t\t<\/div>\n\t\t<\/section>\n\t\t\t\t<section class=\"elementor-section elementor-top-section elementor-element elementor-element-502010d9 elementor-section-boxed elementor-section-height-default elementor-section-height-default\" data-id=\"502010d9\" data-element_type=\"section\">\n\t\t\t\t\t\t<div class=\"elementor-container elementor-column-gap-default\">\n\t\t\t\t\t\t\t<div class=\"elementor-row\">\n\t\t\t\t\t<div class=\"elementor-column elementor-col-100 elementor-top-column elementor-element elementor-element-71260902\" data-id=\"71260902\" data-element_type=\"column\">\n\t\t\t<div class=\"elementor-column-wrap elementor-element-populated\">\n\t\t\t\t\t\t\t<div class=\"elementor-widget-wrap\">\n\t\t\t\t\t\t<div class=\"elementor-element elementor-element-78ea17b7 elementor-widget elementor-widget-spacer\" data-id=\"78ea17b7\" data-element_type=\"widget\" data-widget_type=\"spacer.default\">\n\t\t\t\t<div class=\"elementor-widget-container\">\n\t\t\t\t\t<div class=\"elementor-spacer\">\n\t\t\t<div class=\"elementor-spacer-inner\"><\/div>\n\t\t<\/div>\n\t\t\t\t<\/div>\n\t\t\t\t<\/div>\n\t\t\t\t\t\t<\/div>\n\t\t\t\t\t<\/div>\n\t\t<\/div>\n\t\t\t\t\t\t\t\t<\/div>\n\t\t\t\t\t<\/div>\n\t\t<\/section>\n\t\t\t\t<section class=\"elementor-section elementor-top-section elementor-element elementor-element-626d5d5d elementor-section-boxed elementor-section-height-default elementor-section-height-default\" data-id=\"626d5d5d\" data-element_type=\"section\">\n\t\t\t\t\t\t<div class=\"elementor-container elementor-column-gap-default\">\n\t\t\t\t\t\t\t<div class=\"elementor-row\">\n\t\t\t\t\t<div class=\"elementor-column elementor-col-100 elementor-top-column elementor-element elementor-element-1d56af15\" data-id=\"1d56af15\" data-element_type=\"column\">\n\t\t\t<div class=\"elementor-column-wrap elementor-element-populated\">\n\t\t\t\t\t\t\t<div class=\"elementor-widget-wrap\">\n\t\t\t\t\t\t<div class=\"elementor-element elementor-element-25bace9c elementor-align-center elementor-widget elementor-widget-button\" data-id=\"25bace9c\" data-element_type=\"widget\" data-widget_type=\"button.default\">\n\t\t\t\t<div class=\"elementor-widget-container\">\n\t\t\t\t\t<div class=\"elementor-button-wrapper\">\n\t\t\t<a href=\"https:\/\/astrakhan.fr\/digitalleadership\/contact\/\" class=\"elementor-button-link elementor-button elementor-size-md\" role=\"button\">\n\t\t\t\t\t\t<span class=\"elementor-button-content-wrapper\">\n\t\t\t\t\t\t<span class=\"elementor-button-text\">Demander un devis<\/span>\n\t\t<\/span>\n\t\t\t\t\t<\/a>\n\t\t<\/div>\n\t\t\t\t<\/div>\n\t\t\t\t<\/div>\n\t\t\t\t\t\t<\/div>\n\t\t\t\t\t<\/div>\n\t\t<\/div>\n\t\t\t\t\t\t\t\t<\/div>\n\t\t\t\t\t<\/div>\n\t\t<\/section>\n\t\t\t\t\t\t\t\t\t<\/div>\n\t\t\t<\/div>\n\t\t\t\t\t<\/div>\n\t\t","protected":false},"excerpt":{"rendered":"<p>Management &amp; Agilit\u00e9<br \/>\nManagement Visuel &amp; Digital Workplaces<\/p>\n<p>La gestion visuelle est absolument essentielle pour cr\u00e9er un syst\u00e8me de gestion dynamique o\u00f9 l\u2019information circule facilement et o\u00f9 les employ\u00e9s adoptent un mod\u00e8le d\u2019am\u00e9lioration continue. Nous passerons en revue les <\/p>\n","protected":false},"author":15,"featured_media":0,"parent":8160,"menu_order":0,"comment_status":"closed","ping_status":"closed","template":"","meta":{"inline_featured_image":false,"pmpro_default_level":0},"acf":[],"_links":{"self":[{"href":"https:\/\/astrakhan.fr\/digitalleadership\/wp-json\/wp\/v2\/pages\/9376"}],"collection":[{"href":"https:\/\/astrakhan.fr\/digitalleadership\/wp-json\/wp\/v2\/pages"}],"about":[{"href":"https:\/\/astrakhan.fr\/digitalleadership\/wp-json\/wp\/v2\/types\/page"}],"author":[{"embeddable":true,"href":"https:\/\/astrakhan.fr\/digitalleadership\/wp-json\/wp\/v2\/users\/15"}],"replies":[{"embeddable":true,"href":"https:\/\/astrakhan.fr\/digitalleadership\/wp-json\/wp\/v2\/comments?post=9376"}],"version-history":[{"count":3,"href":"https:\/\/astrakhan.fr\/digitalleadership\/wp-json\/wp\/v2\/pages\/9376\/revisions"}],"predecessor-version":[{"id":13253,"href":"https:\/\/astrakhan.fr\/digitalleadership\/wp-json\/wp\/v2\/pages\/9376\/revisions\/13253"}],"up":[{"embeddable":true,"href":"https:\/\/astrakhan.fr\/digitalleadership\/wp-json\/wp\/v2\/pages\/8160"}],"wp:attachment":[{"href":"https:\/\/astrakhan.fr\/digitalleadership\/wp-json\/wp\/v2\/media?parent=9376"}],"curies":[{"name":"wp","href":"https:\/\/api.w.org\/{rel}","templated":true}]}}